{"id":1004,"date":"2023-11-15T19:06:01","date_gmt":"2023-11-15T18:06:01","guid":{"rendered":"https:\/\/aclimasoluciones.es\/?post_type=product&#038;p=1004"},"modified":"2024-01-04T12:48:24","modified_gmt":"2024-01-04T11:48:24","slug":"metlor-cec-18","status":"publish","type":"product","link":"https:\/\/www.aclimasoluciones.es\/en\/tienda\/climatizacion\/calderas-de-pellet\/metlor-cec-18\/","title":{"rendered":"Caldera Metlor CEC 18"},"content":{"rendered":"<p>La caldera de pellets CEC18 es adecuada para calefacci\u00f3n central y agua sanitaria. Destaca por su bajo consumo y su dep\u00f3sito bien dimensionado permitiendo una excelente autonom\u00eda y una buena capacidad de carga de pellets.<\/p>\n<p>Equipada con controlador Tiemme; resistencia cer\u00e1mica; vaso de expansi\u00f3n de 8 litros; bomba circuladora Wilo; v\u00e1lvula de presi\u00f3n de 3kg; term\u00f3metro de seguridad Term\u00f3metro de seguridad Tiemme 90\u00ba; Motorreductor Mellor; Extractor de humos Emmevi; Posibilidad de instalar termostato ambiente y cronotermostato; Posibilidad de producci\u00f3n de agua caliente sanitaria verano\/invierno mediante calentador de agua; F\u00e1cil programaci\u00f3n y limpieza; Silencioso.<\/p>\n","protected":false},"excerpt":{"rendered":"<p>La caldera de pellets CEC18 es adecuada para calefacci\u00f3n central y agua sanitaria. Destaca por su bajo consumo y su dep\u00f3sito bien dimensionado permitiendo una excelente autonom\u00eda y una buena capacidad de carga de pellets.<\/p>\n","protected":false},"featured_media":1005,"comment_status":"open","ping_status":"closed","template":"","meta":[],"product_brand":[],"product_cat":[34],"product_tag":[36,41,35],"class_list":{"0":"post-1004","1":"product","2":"type-product","3":"status-publish","4":"has-post-thumbnail","6":"product_cat-calderas-de-pellet","7":"product_tag-caldera-pellet","8":"product_tag-calderas","9":"product_tag-metlor","10":"yith_product_brand-metlor","12":"first","13":"instock","14":"sold-individually","15":"shipping-taxable","16":"purchasable","17":"product-type-simple"},"yoast_head":"<!-- This site is optimized with the Yoast SEO plugin v25.7 - https:\/\/yoast.com\/wordpress\/plugins\/seo\/ -->\n<title>Caldera Metlor CEC 18 - Aclima Soluciones<\/title>\n<meta name=\"description\" content=\"La caldera de pellets CEC18 es adecuada para calefacci\u00f3n central y agua sanitaria. Destaca por su bajo consumo y su dep\u00f3sito bien dimensionado permitiendo una excelente autonom\u00eda y una buena capacidad de carga de pellets.\" \/>\n<meta name=\"robots\" content=\"index, follow, max-snippet:-1, max-image-preview:large, max-video-preview:-1\" \/>\n<link rel=\"canonical\" href=\"https:\/\/www.aclimasoluciones.es\/en\/tienda\/climatizacion\/calderas-de-pellet\/metlor-cec-18\/\" \/>\n<meta property=\"og:locale\" content=\"en_US\" \/>\n<meta property=\"og:type\" content=\"article\" \/>\n<meta property=\"og:title\" content=\"Caldera Metlor CEC 18 - Aclima Soluciones\" \/>\n<meta property=\"og:description\" content=\"La caldera de pellets CEC18 es adecuada para calefacci\u00f3n central y agua sanitaria. Destaca por su bajo consumo y su dep\u00f3sito bien dimensionado permitiendo una excelente autonom\u00eda y una buena capacidad de carga de pellets.\" \/>\n<meta property=\"og:url\" content=\"https:\/\/www.aclimasoluciones.es\/en\/tienda\/climatizacion\/calderas-de-pellet\/metlor-cec-18\/\" \/>\n<meta property=\"og:site_name\" content=\"Aclima Soluciones\" \/>\n<meta property=\"article:publisher\" content=\"https:\/\/www.facebook.com\/profile.php?id=100094999684175\" \/>\n<meta property=\"article:modified_time\" content=\"2024-01-04T11:48:24+00:00\" \/>\n<meta property=\"og:image\" content=\"https:\/\/www.aclimasoluciones.es\/wp-content\/uploads\/2023\/11\/CEC-18-SITE-1.png\" \/>\n\t<meta property=\"og:image:width\" content=\"2000\" \/>\n\t<meta property=\"og:image:height\" content=\"2600\" \/>\n\t<meta property=\"og:image:type\" content=\"image\/png\" \/>\n<meta name=\"twitter:card\" content=\"summary_large_image\" \/>\n<meta name=\"twitter:label1\" content=\"Est. reading time\" \/>\n\t<meta name=\"twitter:data1\" content=\"1 minute\" \/>\n<script type=\"application\/ld+json\" class=\"yoast-schema-graph\">{\"@context\":\"https:\/\/schema.org\",\"@graph\":[{\"@type\":\"WebPage\",\"@id\":\"https:\/\/www.aclimasoluciones.es\/en\/tienda\/climatizacion\/calderas-de-pellet\/metlor-cec-18\/\",\"url\":\"https:\/\/www.aclimasoluciones.es\/en\/tienda\/climatizacion\/calderas-de-pellet\/metlor-cec-18\/\",\"name\":\"Caldera Metlor CEC 18 - Aclima Soluciones\",\"isPartOf\":{\"@id\":\"https:\/\/www.aclimasoluciones.es\/en\/#website\"},\"primaryImageOfPage\":{\"@id\":\"https:\/\/www.aclimasoluciones.es\/en\/tienda\/climatizacion\/calderas-de-pellet\/metlor-cec-18\/#primaryimage\"},\"image\":{\"@id\":\"https:\/\/www.aclimasoluciones.es\/en\/tienda\/climatizacion\/calderas-de-pellet\/metlor-cec-18\/#primaryimage\"},\"thumbnailUrl\":\"https:\/\/www.aclimasoluciones.es\/wp-content\/uploads\/2023\/11\/CEC-18-SITE-1.png\",\"datePublished\":\"2023-11-15T18:06:01+00:00\",\"dateModified\":\"2024-01-04T11:48:24+00:00\",\"description\":\"La caldera de pellets CEC18 es adecuada para calefacci\u00f3n central y agua sanitaria. Destaca por su bajo consumo y su dep\u00f3sito bien dimensionado permitiendo una excelente autonom\u00eda y una buena capacidad de carga de pellets.\",\"breadcrumb\":{\"@id\":\"https:\/\/www.aclimasoluciones.es\/en\/tienda\/climatizacion\/calderas-de-pellet\/metlor-cec-18\/#breadcrumb\"},\"inLanguage\":\"en-US\",\"potentialAction\":[{\"@type\":\"ReadAction\",\"target\":[\"https:\/\/www.aclimasoluciones.es\/en\/tienda\/climatizacion\/calderas-de-pellet\/metlor-cec-18\/\"]}]},{\"@type\":\"ImageObject\",\"inLanguage\":\"en-US\",\"@id\":\"https:\/\/www.aclimasoluciones.es\/en\/tienda\/climatizacion\/calderas-de-pellet\/metlor-cec-18\/#primaryimage\",\"url\":\"https:\/\/www.aclimasoluciones.es\/wp-content\/uploads\/2023\/11\/CEC-18-SITE-1.png\",\"contentUrl\":\"https:\/\/www.aclimasoluciones.es\/wp-content\/uploads\/2023\/11\/CEC-18-SITE-1.png\",\"width\":2000,\"height\":2600,\"caption\":\"Caldera Metlor CEC-18\"},{\"@type\":\"BreadcrumbList\",\"@id\":\"https:\/\/www.aclimasoluciones.es\/en\/tienda\/climatizacion\/calderas-de-pellet\/metlor-cec-18\/#breadcrumb\",\"itemListElement\":[{\"@type\":\"ListItem\",\"position\":1,\"name\":\"Portada\",\"item\":\"https:\/\/www.aclimasoluciones.es\/en\/\"},{\"@type\":\"ListItem\",\"position\":2,\"name\":\"Shop\",\"item\":\"https:\/\/www.aclimasoluciones.es\/en\/shop\/\"},{\"@type\":\"ListItem\",\"position\":3,\"name\":\"Caldera Metlor CEC 18\"}]},{\"@type\":\"WebSite\",\"@id\":\"https:\/\/www.aclimasoluciones.es\/en\/#website\",\"url\":\"https:\/\/www.aclimasoluciones.es\/en\/\",\"name\":\"Aclima Soluciones\",\"description\":\"Servicios de electricidad, climatizaci\u00f3n y reparaciones\",\"publisher\":{\"@id\":\"https:\/\/www.aclimasoluciones.es\/en\/#organization\"},\"potentialAction\":[{\"@type\":\"SearchAction\",\"target\":{\"@type\":\"EntryPoint\",\"urlTemplate\":\"https:\/\/www.aclimasoluciones.es\/en\/?s={search_term_string}\"},\"query-input\":{\"@type\":\"PropertyValueSpecification\",\"valueRequired\":true,\"valueName\":\"search_term_string\"}}],\"inLanguage\":\"en-US\"},{\"@type\":\"Organization\",\"@id\":\"https:\/\/www.aclimasoluciones.es\/en\/#organization\",\"name\":\"Aclima Soluciones\",\"url\":\"https:\/\/www.aclimasoluciones.es\/en\/\",\"logo\":{\"@type\":\"ImageObject\",\"inLanguage\":\"en-US\",\"@id\":\"https:\/\/www.aclimasoluciones.es\/en\/#\/schema\/logo\/image\/\",\"url\":\"https:\/\/www.aclimasoluciones.es\/wp-content\/uploads\/2024\/11\/aclima-head-logo-web.webp\",\"contentUrl\":\"https:\/\/www.aclimasoluciones.es\/wp-content\/uploads\/2024\/11\/aclima-head-logo-web.webp\",\"width\":243,\"height\":105,\"caption\":\"Aclima Soluciones\"},\"image\":{\"@id\":\"https:\/\/www.aclimasoluciones.es\/en\/#\/schema\/logo\/image\/\"},\"sameAs\":[\"https:\/\/www.facebook.com\/profile.php?id=100094999684175\",\"https:\/\/www.instagram.com\/aclimasoluciones\/\"]}]}<\/script>\n<!-- \/ Yoast SEO plugin. -->","yoast_head_json":{"title":"Caldera Metlor CEC 18 - Aclima Soluciones","description":"La caldera de pellets CEC18 es adecuada para calefacci\u00f3n central y agua sanitaria. Destaca por su bajo consumo y su dep\u00f3sito bien dimensionado permitiendo una excelente autonom\u00eda y una buena capacidad de carga de pellets.","robots":{"index":"index","follow":"follow","max-snippet":"max-snippet:-1","max-image-preview":"max-image-preview:large","max-video-preview":"max-video-preview:-1"},"canonical":"https:\/\/www.aclimasoluciones.es\/en\/tienda\/climatizacion\/calderas-de-pellet\/metlor-cec-18\/","og_locale":"en_US","og_type":"article","og_title":"Caldera Metlor CEC 18 - Aclima Soluciones","og_description":"La caldera de pellets CEC18 es adecuada para calefacci\u00f3n central y agua sanitaria. Destaca por su bajo consumo y su dep\u00f3sito bien dimensionado permitiendo una excelente autonom\u00eda y una buena capacidad de carga de pellets.","og_url":"https:\/\/www.aclimasoluciones.es\/en\/tienda\/climatizacion\/calderas-de-pellet\/metlor-cec-18\/","og_site_name":"Aclima Soluciones","article_publisher":"https:\/\/www.facebook.com\/profile.php?id=100094999684175","article_modified_time":"2024-01-04T11:48:24+00:00","og_image":[{"width":2000,"height":2600,"url":"https:\/\/www.aclimasoluciones.es\/wp-content\/uploads\/2023\/11\/CEC-18-SITE-1.png","type":"image\/png"}],"twitter_card":"summary_large_image","twitter_misc":{"Est. reading time":"1 minute"},"schema":{"@context":"https:\/\/schema.org","@graph":[{"@type":"WebPage","@id":"https:\/\/www.aclimasoluciones.es\/en\/tienda\/climatizacion\/calderas-de-pellet\/metlor-cec-18\/","url":"https:\/\/www.aclimasoluciones.es\/en\/tienda\/climatizacion\/calderas-de-pellet\/metlor-cec-18\/","name":"Caldera Metlor CEC 18 - Aclima Soluciones","isPartOf":{"@id":"https:\/\/www.aclimasoluciones.es\/en\/#website"},"primaryImageOfPage":{"@id":"https:\/\/www.aclimasoluciones.es\/en\/tienda\/climatizacion\/calderas-de-pellet\/metlor-cec-18\/#primaryimage"},"image":{"@id":"https:\/\/www.aclimasoluciones.es\/en\/tienda\/climatizacion\/calderas-de-pellet\/metlor-cec-18\/#primaryimage"},"thumbnailUrl":"https:\/\/www.aclimasoluciones.es\/wp-content\/uploads\/2023\/11\/CEC-18-SITE-1.png","datePublished":"2023-11-15T18:06:01+00:00","dateModified":"2024-01-04T11:48:24+00:00","description":"La caldera de pellets CEC18 es adecuada para calefacci\u00f3n central y agua sanitaria. Destaca por su bajo consumo y su dep\u00f3sito bien dimensionado permitiendo una excelente autonom\u00eda y una buena capacidad de carga de pellets.","breadcrumb":{"@id":"https:\/\/www.aclimasoluciones.es\/en\/tienda\/climatizacion\/calderas-de-pellet\/metlor-cec-18\/#breadcrumb"},"inLanguage":"en-US","potentialAction":[{"@type":"ReadAction","target":["https:\/\/www.aclimasoluciones.es\/en\/tienda\/climatizacion\/calderas-de-pellet\/metlor-cec-18\/"]}]},{"@type":"ImageObject","inLanguage":"en-US","@id":"https:\/\/www.aclimasoluciones.es\/en\/tienda\/climatizacion\/calderas-de-pellet\/metlor-cec-18\/#primaryimage","url":"https:\/\/www.aclimasoluciones.es\/wp-content\/uploads\/2023\/11\/CEC-18-SITE-1.png","contentUrl":"https:\/\/www.aclimasoluciones.es\/wp-content\/uploads\/2023\/11\/CEC-18-SITE-1.png","width":2000,"height":2600,"caption":"Caldera Metlor CEC-18"},{"@type":"BreadcrumbList","@id":"https:\/\/www.aclimasoluciones.es\/en\/tienda\/climatizacion\/calderas-de-pellet\/metlor-cec-18\/#breadcrumb","itemListElement":[{"@type":"ListItem","position":1,"name":"Portada","item":"https:\/\/www.aclimasoluciones.es\/en\/"},{"@type":"ListItem","position":2,"name":"Shop","item":"https:\/\/www.aclimasoluciones.es\/en\/shop\/"},{"@type":"ListItem","position":3,"name":"Caldera Metlor CEC 18"}]},{"@type":"WebSite","@id":"https:\/\/www.aclimasoluciones.es\/en\/#website","url":"https:\/\/www.aclimasoluciones.es\/en\/","name":"Aclima Soluciones","description":"Servicios de electricidad, climatizaci\u00f3n y reparaciones","publisher":{"@id":"https:\/\/www.aclimasoluciones.es\/en\/#organization"},"potentialAction":[{"@type":"SearchAction","target":{"@type":"EntryPoint","urlTemplate":"https:\/\/www.aclimasoluciones.es\/en\/?s={search_term_string}"},"query-input":{"@type":"PropertyValueSpecification","valueRequired":true,"valueName":"search_term_string"}}],"inLanguage":"en-US"},{"@type":"Organization","@id":"https:\/\/www.aclimasoluciones.es\/en\/#organization","name":"Aclima Soluciones","url":"https:\/\/www.aclimasoluciones.es\/en\/","logo":{"@type":"ImageObject","inLanguage":"en-US","@id":"https:\/\/www.aclimasoluciones.es\/en\/#\/schema\/logo\/image\/","url":"https:\/\/www.aclimasoluciones.es\/wp-content\/uploads\/2024\/11\/aclima-head-logo-web.webp","contentUrl":"https:\/\/www.aclimasoluciones.es\/wp-content\/uploads\/2024\/11\/aclima-head-logo-web.webp","width":243,"height":105,"caption":"Aclima Soluciones"},"image":{"@id":"https:\/\/www.aclimasoluciones.es\/en\/#\/schema\/logo\/image\/"},"sameAs":["https:\/\/www.facebook.com\/profile.php?id=100094999684175","https:\/\/www.instagram.com\/aclimasoluciones\/"]}]}},"_links":{"self":[{"href":"https:\/\/www.aclimasoluciones.es\/en\/wp-json\/wp\/v2\/product\/1004","targetHints":{"allow":["GET"]}}],"collection":[{"href":"https:\/\/www.aclimasoluciones.es\/en\/wp-json\/wp\/v2\/product"}],"about":[{"href":"https:\/\/www.aclimasoluciones.es\/en\/wp-json\/wp\/v2\/types\/product"}],"replies":[{"embeddable":true,"href":"https:\/\/www.aclimasoluciones.es\/en\/wp-json\/wp\/v2\/comments?post=1004"}],"wp:featuredmedia":[{"embeddable":true,"href":"https:\/\/www.aclimasoluciones.es\/en\/wp-json\/wp\/v2\/media\/1005"}],"wp:attachment":[{"href":"https:\/\/www.aclimasoluciones.es\/en\/wp-json\/wp\/v2\/media?parent=1004"}],"wp:term":[{"taxonomy":"product_brand","embeddable":true,"href":"https:\/\/www.aclimasoluciones.es\/en\/wp-json\/wp\/v2\/product_brand?post=1004"},{"taxonomy":"product_cat","embeddable":true,"href":"https:\/\/www.aclimasoluciones.es\/en\/wp-json\/wp\/v2\/product_cat?post=1004"},{"taxonomy":"product_tag","embeddable":true,"href":"https:\/\/www.aclimasoluciones.es\/en\/wp-json\/wp\/v2\/product_tag?post=1004"}],"curies":[{"name":"wp","href":"https:\/\/api.w.org\/{rel}","templated":true}]}}