{"id":1006,"date":"2023-11-15T19:22:28","date_gmt":"2023-11-15T18:22:28","guid":{"rendered":"https:\/\/aclimasoluciones.es\/?post_type=product&#038;p=1006"},"modified":"2024-01-04T12:49:00","modified_gmt":"2024-01-04T11:49:00","slug":"metlor-poli-30","status":"publish","type":"product","link":"https:\/\/www.aclimasoluciones.es\/en\/tienda\/climatizacion\/calderas-de-pellet\/metlor-poli-30\/","title":{"rendered":"Caldera Metlor Poli 30"},"content":{"rendered":"<p>Caldera policombustible, esta dise\u00f1ada para su funcionamiento para calefacci\u00f3n de cualquier sistema y acs destaca su versatilidad de combustibles siempre certificados (pellet, le\u00f1a, hueso de aceituna y cascara de almendra).<\/p>\n<p>La c\u00e1mara de combusti\u00f3n esta fabricada en chapa de acero al carbono de 5 mm de grosor la capacidad de la tolva permite una excelente autonom\u00eda y el interior de la c\u00e1mara de combusti\u00f3n permite una buena capacidad de carga de le\u00f1a. Incluye controlador electr\u00f3nico t\u00e1ctil de ultima generaci\u00f3n (fuzzy logic) encendido autom\u00e1tico, diagnostico del equipo y mensajes de alarma por c\u00f3digos de error muy intuitivo.<\/p>\n<p>Funci\u00f3n de temperatura exterior y temperatura interior deseada mediante regulador clim\u00e1tico.<\/p>\n<table class=\"tg\">\n<thead>\n<tr>\n<th class=\"tg-l6fp\">Potencia Nominal<\/th>\n<th class=\"tg-bg2l\">30kW<\/th>\n<\/tr>\n<\/thead>\n<tbody>\n<tr>\n<td class=\"tg-l6fp\">Rendimiento<\/td>\n<td class=\"tg-bg2l\">90,9%<\/td>\n<\/tr>\n<tr>\n<td class=\"tg-uxja\">Vol\u00famen de la caldera<\/td>\n<td class=\"tg-32fo\">87L<\/td>\n<\/tr>\n<tr>\n<td class=\"tg-uxja\">Press\u00e3o M\u00e1xima<\/td>\n<td class=\"tg-32fo\">3bar<\/td>\n<\/tr>\n<tr>\n<td class=\"tg-uxja\">Temperatura de los gases<\/td>\n<td class=\"tg-32fo\">131\u00baC<\/td>\n<\/tr>\n<tr>\n<td class=\"tg-uxja\">NOx | COV | Part\u00edculas<\/td>\n<td class=\"tg-32fo\">189 | 17 | 28mg\/m3<\/td>\n<\/tr>\n<tr>\n<td class=\"tg-uxja\">CO(%) (13% O2)<\/td>\n<td class=\"tg-32fo\">0,012<\/td>\n<\/tr>\n<tr>\n<td class=\"tg-uxja\">Temperatura m\u00e1xima de trabalho<\/td>\n<td class=\"tg-32fo\">90\u00baC<\/td>\n<\/tr>\n<tr>\n<td class=\"tg-uxja\">Capacidad dep\u00f3sito Pellets<\/td>\n<td class=\"tg-32fo\">~200Kg<\/td>\n<\/tr>\n<tr>\n<td class=\"tg-uxja\">Comprimento M\u00e1x da Lenha<\/td>\n<td class=\"tg-32fo\">330mm<\/td>\n<\/tr>\n<tr>\n<td class=\"tg-l6fp\">Salida de Humos<\/td>\n<td class=\"tg-bg2l\">\u00d8 180mm<\/td>\n<\/tr>\n<tr>\n<td class=\"tg-l6fp\">Peso<\/td>\n<td class=\"tg-bg2l\">510Kg<\/td>\n<\/tr>\n<tr>\n<td class=\"tg-uxja\">Dimensiones (AxAxF)<\/td>\n<td class=\"tg-32fo\">1415x1256x955mm<\/td>\n<\/tr>\n<\/tbody>\n<\/table>\n","protected":false},"excerpt":{"rendered":"<p>Caldera policombustible, esta dise\u00f1ada para su funcionamiento para calefacci\u00f3n de cualquier sistema y acs destaca su versatilidad de combustibles siempre certificados (pellet, le\u00f1a, hueso de aceituna y cascara de almendra).<\/p>\n","protected":false},"featured_media":1007,"comment_status":"open","ping_status":"closed","template":"","meta":[],"product_brand":[],"product_cat":[34],"product_tag":[39,38,37,36,35],"class_list":{"0":"post-1006","1":"product","2":"type-product","3":"status-publish","4":"has-post-thumbnail","6":"product_cat-calderas-de-pellet","7":"product_tag-caldera-cascara-almendra","8":"product_tag-caldera-hueso-aceituna","9":"product_tag-caldera-lena","10":"product_tag-caldera-pellet","11":"product_tag-metlor","13":"first","14":"instock","15":"shipping-taxable","16":"purchasable","17":"product-type-simple"},"yoast_head":"<!-- This site is optimized with the Yoast SEO plugin v25.7 - https:\/\/yoast.com\/wordpress\/plugins\/seo\/ -->\n<title>Caldera Metlor Poli 30 - Aclima Soluciones<\/title>\n<meta name=\"description\" content=\"Caldera policombustible, esta dise\u00f1ada para su funcionamiento para calefacci\u00f3n de cualquier sistema y acs destaca su versatilidad de combustibles siempre certificados (pellet, le\u00f1a, hueso de aceituna y cascara de almendra).\" \/>\n<meta name=\"robots\" content=\"index, follow, max-snippet:-1, max-image-preview:large, max-video-preview:-1\" \/>\n<link rel=\"canonical\" href=\"https:\/\/www.aclimasoluciones.es\/en\/tienda\/climatizacion\/calderas-de-pellet\/metlor-poli-30\/\" \/>\n<meta property=\"og:locale\" content=\"en_US\" \/>\n<meta property=\"og:type\" content=\"article\" \/>\n<meta property=\"og:title\" content=\"Caldera Metlor Poli 30 - Aclima Soluciones\" \/>\n<meta property=\"og:description\" content=\"Caldera policombustible, esta dise\u00f1ada para su funcionamiento para calefacci\u00f3n de cualquier sistema y acs destaca su versatilidad de combustibles siempre certificados (pellet, le\u00f1a, hueso de aceituna y cascara de almendra).\" \/>\n<meta property=\"og:url\" content=\"https:\/\/www.aclimasoluciones.es\/en\/tienda\/climatizacion\/calderas-de-pellet\/metlor-poli-30\/\" \/>\n<meta property=\"og:site_name\" content=\"Aclima Soluciones\" \/>\n<meta property=\"article:publisher\" content=\"https:\/\/www.facebook.com\/profile.php?id=100094999684175\" \/>\n<meta property=\"article:modified_time\" content=\"2024-01-04T11:49:00+00:00\" \/>\n<meta property=\"og:image\" content=\"https:\/\/www.aclimasoluciones.es\/wp-content\/uploads\/2023\/11\/POLI-SITE.png\" \/>\n\t<meta property=\"og:image:width\" content=\"1000\" \/>\n\t<meta property=\"og:image:height\" content=\"1300\" \/>\n\t<meta property=\"og:image:type\" content=\"image\/png\" \/>\n<meta name=\"twitter:card\" content=\"summary_large_image\" \/>\n<meta name=\"twitter:label1\" content=\"Est. reading time\" \/>\n\t<meta name=\"twitter:data1\" content=\"1 minute\" \/>\n<script type=\"application\/ld+json\" class=\"yoast-schema-graph\">{\"@context\":\"https:\/\/schema.org\",\"@graph\":[{\"@type\":\"WebPage\",\"@id\":\"https:\/\/www.aclimasoluciones.es\/en\/tienda\/climatizacion\/calderas-de-pellet\/metlor-poli-30\/\",\"url\":\"https:\/\/www.aclimasoluciones.es\/en\/tienda\/climatizacion\/calderas-de-pellet\/metlor-poli-30\/\",\"name\":\"Caldera Metlor Poli 30 - Aclima Soluciones\",\"isPartOf\":{\"@id\":\"https:\/\/www.aclimasoluciones.es\/en\/#website\"},\"primaryImageOfPage\":{\"@id\":\"https:\/\/www.aclimasoluciones.es\/en\/tienda\/climatizacion\/calderas-de-pellet\/metlor-poli-30\/#primaryimage\"},\"image\":{\"@id\":\"https:\/\/www.aclimasoluciones.es\/en\/tienda\/climatizacion\/calderas-de-pellet\/metlor-poli-30\/#primaryimage\"},\"thumbnailUrl\":\"https:\/\/www.aclimasoluciones.es\/wp-content\/uploads\/2023\/11\/POLI-SITE.png\",\"datePublished\":\"2023-11-15T18:22:28+00:00\",\"dateModified\":\"2024-01-04T11:49:00+00:00\",\"description\":\"Caldera policombustible, esta dise\u00f1ada para su funcionamiento para calefacci\u00f3n de cualquier sistema y acs destaca su versatilidad de combustibles siempre certificados (pellet, le\u00f1a, hueso de aceituna y cascara de almendra).\",\"breadcrumb\":{\"@id\":\"https:\/\/www.aclimasoluciones.es\/en\/tienda\/climatizacion\/calderas-de-pellet\/metlor-poli-30\/#breadcrumb\"},\"inLanguage\":\"en-US\",\"potentialAction\":[{\"@type\":\"ReadAction\",\"target\":[\"https:\/\/www.aclimasoluciones.es\/en\/tienda\/climatizacion\/calderas-de-pellet\/metlor-poli-30\/\"]}]},{\"@type\":\"ImageObject\",\"inLanguage\":\"en-US\",\"@id\":\"https:\/\/www.aclimasoluciones.es\/en\/tienda\/climatizacion\/calderas-de-pellet\/metlor-poli-30\/#primaryimage\",\"url\":\"https:\/\/www.aclimasoluciones.es\/wp-content\/uploads\/2023\/11\/POLI-SITE.png\",\"contentUrl\":\"https:\/\/www.aclimasoluciones.es\/wp-content\/uploads\/2023\/11\/POLI-SITE.png\",\"width\":1000,\"height\":1300,\"caption\":\"Caldera Metlor Poli 30\"},{\"@type\":\"BreadcrumbList\",\"@id\":\"https:\/\/www.aclimasoluciones.es\/en\/tienda\/climatizacion\/calderas-de-pellet\/metlor-poli-30\/#breadcrumb\",\"itemListElement\":[{\"@type\":\"ListItem\",\"position\":1,\"name\":\"Portada\",\"item\":\"https:\/\/www.aclimasoluciones.es\/en\/\"},{\"@type\":\"ListItem\",\"position\":2,\"name\":\"Shop\",\"item\":\"https:\/\/www.aclimasoluciones.es\/en\/shop\/\"},{\"@type\":\"ListItem\",\"position\":3,\"name\":\"Caldera Metlor Poli 30\"}]},{\"@type\":\"WebSite\",\"@id\":\"https:\/\/www.aclimasoluciones.es\/en\/#website\",\"url\":\"https:\/\/www.aclimasoluciones.es\/en\/\",\"name\":\"Aclima Soluciones\",\"description\":\"Servicios de electricidad, climatizaci\u00f3n y reparaciones\",\"publisher\":{\"@id\":\"https:\/\/www.aclimasoluciones.es\/en\/#organization\"},\"potentialAction\":[{\"@type\":\"SearchAction\",\"target\":{\"@type\":\"EntryPoint\",\"urlTemplate\":\"https:\/\/www.aclimasoluciones.es\/en\/?s={search_term_string}\"},\"query-input\":{\"@type\":\"PropertyValueSpecification\",\"valueRequired\":true,\"valueName\":\"search_term_string\"}}],\"inLanguage\":\"en-US\"},{\"@type\":\"Organization\",\"@id\":\"https:\/\/www.aclimasoluciones.es\/en\/#organization\",\"name\":\"Aclima Soluciones\",\"url\":\"https:\/\/www.aclimasoluciones.es\/en\/\",\"logo\":{\"@type\":\"ImageObject\",\"inLanguage\":\"en-US\",\"@id\":\"https:\/\/www.aclimasoluciones.es\/en\/#\/schema\/logo\/image\/\",\"url\":\"https:\/\/www.aclimasoluciones.es\/wp-content\/uploads\/2024\/11\/aclima-head-logo-web.webp\",\"contentUrl\":\"https:\/\/www.aclimasoluciones.es\/wp-content\/uploads\/2024\/11\/aclima-head-logo-web.webp\",\"width\":243,\"height\":105,\"caption\":\"Aclima Soluciones\"},\"image\":{\"@id\":\"https:\/\/www.aclimasoluciones.es\/en\/#\/schema\/logo\/image\/\"},\"sameAs\":[\"https:\/\/www.facebook.com\/profile.php?id=100094999684175\",\"https:\/\/www.instagram.com\/aclimasoluciones\/\"]}]}<\/script>\n<!-- \/ Yoast SEO plugin. -->","yoast_head_json":{"title":"Caldera Metlor Poli 30 - Aclima Soluciones","description":"Caldera policombustible, esta dise\u00f1ada para su funcionamiento para calefacci\u00f3n de cualquier sistema y acs destaca su versatilidad de combustibles siempre certificados (pellet, le\u00f1a, hueso de aceituna y cascara de almendra).","robots":{"index":"index","follow":"follow","max-snippet":"max-snippet:-1","max-image-preview":"max-image-preview:large","max-video-preview":"max-video-preview:-1"},"canonical":"https:\/\/www.aclimasoluciones.es\/en\/tienda\/climatizacion\/calderas-de-pellet\/metlor-poli-30\/","og_locale":"en_US","og_type":"article","og_title":"Caldera Metlor Poli 30 - Aclima Soluciones","og_description":"Caldera policombustible, esta dise\u00f1ada para su funcionamiento para calefacci\u00f3n de cualquier sistema y acs destaca su versatilidad de combustibles siempre certificados (pellet, le\u00f1a, hueso de aceituna y cascara de almendra).","og_url":"https:\/\/www.aclimasoluciones.es\/en\/tienda\/climatizacion\/calderas-de-pellet\/metlor-poli-30\/","og_site_name":"Aclima Soluciones","article_publisher":"https:\/\/www.facebook.com\/profile.php?id=100094999684175","article_modified_time":"2024-01-04T11:49:00+00:00","og_image":[{"width":1000,"height":1300,"url":"https:\/\/www.aclimasoluciones.es\/wp-content\/uploads\/2023\/11\/POLI-SITE.png","type":"image\/png"}],"twitter_card":"summary_large_image","twitter_misc":{"Est. reading time":"1 minute"},"schema":{"@context":"https:\/\/schema.org","@graph":[{"@type":"WebPage","@id":"https:\/\/www.aclimasoluciones.es\/en\/tienda\/climatizacion\/calderas-de-pellet\/metlor-poli-30\/","url":"https:\/\/www.aclimasoluciones.es\/en\/tienda\/climatizacion\/calderas-de-pellet\/metlor-poli-30\/","name":"Caldera Metlor Poli 30 - Aclima Soluciones","isPartOf":{"@id":"https:\/\/www.aclimasoluciones.es\/en\/#website"},"primaryImageOfPage":{"@id":"https:\/\/www.aclimasoluciones.es\/en\/tienda\/climatizacion\/calderas-de-pellet\/metlor-poli-30\/#primaryimage"},"image":{"@id":"https:\/\/www.aclimasoluciones.es\/en\/tienda\/climatizacion\/calderas-de-pellet\/metlor-poli-30\/#primaryimage"},"thumbnailUrl":"https:\/\/www.aclimasoluciones.es\/wp-content\/uploads\/2023\/11\/POLI-SITE.png","datePublished":"2023-11-15T18:22:28+00:00","dateModified":"2024-01-04T11:49:00+00:00","description":"Caldera policombustible, esta dise\u00f1ada para su funcionamiento para calefacci\u00f3n de cualquier sistema y acs destaca su versatilidad de combustibles siempre certificados (pellet, le\u00f1a, hueso de aceituna y cascara de almendra).","breadcrumb":{"@id":"https:\/\/www.aclimasoluciones.es\/en\/tienda\/climatizacion\/calderas-de-pellet\/metlor-poli-30\/#breadcrumb"},"inLanguage":"en-US","potentialAction":[{"@type":"ReadAction","target":["https:\/\/www.aclimasoluciones.es\/en\/tienda\/climatizacion\/calderas-de-pellet\/metlor-poli-30\/"]}]},{"@type":"ImageObject","inLanguage":"en-US","@id":"https:\/\/www.aclimasoluciones.es\/en\/tienda\/climatizacion\/calderas-de-pellet\/metlor-poli-30\/#primaryimage","url":"https:\/\/www.aclimasoluciones.es\/wp-content\/uploads\/2023\/11\/POLI-SITE.png","contentUrl":"https:\/\/www.aclimasoluciones.es\/wp-content\/uploads\/2023\/11\/POLI-SITE.png","width":1000,"height":1300,"caption":"Caldera Metlor Poli 30"},{"@type":"BreadcrumbList","@id":"https:\/\/www.aclimasoluciones.es\/en\/tienda\/climatizacion\/calderas-de-pellet\/metlor-poli-30\/#breadcrumb","itemListElement":[{"@type":"ListItem","position":1,"name":"Portada","item":"https:\/\/www.aclimasoluciones.es\/en\/"},{"@type":"ListItem","position":2,"name":"Shop","item":"https:\/\/www.aclimasoluciones.es\/en\/shop\/"},{"@type":"ListItem","position":3,"name":"Caldera Metlor Poli 30"}]},{"@type":"WebSite","@id":"https:\/\/www.aclimasoluciones.es\/en\/#website","url":"https:\/\/www.aclimasoluciones.es\/en\/","name":"Aclima Soluciones","description":"Servicios de electricidad, climatizaci\u00f3n y reparaciones","publisher":{"@id":"https:\/\/www.aclimasoluciones.es\/en\/#organization"},"potentialAction":[{"@type":"SearchAction","target":{"@type":"EntryPoint","urlTemplate":"https:\/\/www.aclimasoluciones.es\/en\/?s={search_term_string}"},"query-input":{"@type":"PropertyValueSpecification","valueRequired":true,"valueName":"search_term_string"}}],"inLanguage":"en-US"},{"@type":"Organization","@id":"https:\/\/www.aclimasoluciones.es\/en\/#organization","name":"Aclima Soluciones","url":"https:\/\/www.aclimasoluciones.es\/en\/","logo":{"@type":"ImageObject","inLanguage":"en-US","@id":"https:\/\/www.aclimasoluciones.es\/en\/#\/schema\/logo\/image\/","url":"https:\/\/www.aclimasoluciones.es\/wp-content\/uploads\/2024\/11\/aclima-head-logo-web.webp","contentUrl":"https:\/\/www.aclimasoluciones.es\/wp-content\/uploads\/2024\/11\/aclima-head-logo-web.webp","width":243,"height":105,"caption":"Aclima Soluciones"},"image":{"@id":"https:\/\/www.aclimasoluciones.es\/en\/#\/schema\/logo\/image\/"},"sameAs":["https:\/\/www.facebook.com\/profile.php?id=100094999684175","https:\/\/www.instagram.com\/aclimasoluciones\/"]}]}},"_links":{"self":[{"href":"https:\/\/www.aclimasoluciones.es\/en\/wp-json\/wp\/v2\/product\/1006","targetHints":{"allow":["GET"]}}],"collection":[{"href":"https:\/\/www.aclimasoluciones.es\/en\/wp-json\/wp\/v2\/product"}],"about":[{"href":"https:\/\/www.aclimasoluciones.es\/en\/wp-json\/wp\/v2\/types\/product"}],"replies":[{"embeddable":true,"href":"https:\/\/www.aclimasoluciones.es\/en\/wp-json\/wp\/v2\/comments?post=1006"}],"wp:featuredmedia":[{"embeddable":true,"href":"https:\/\/www.aclimasoluciones.es\/en\/wp-json\/wp\/v2\/media\/1007"}],"wp:attachment":[{"href":"https:\/\/www.aclimasoluciones.es\/en\/wp-json\/wp\/v2\/media?parent=1006"}],"wp:term":[{"taxonomy":"product_brand","embeddable":true,"href":"https:\/\/www.aclimasoluciones.es\/en\/wp-json\/wp\/v2\/product_brand?post=1006"},{"taxonomy":"product_cat","embeddable":true,"href":"https:\/\/www.aclimasoluciones.es\/en\/wp-json\/wp\/v2\/product_cat?post=1006"},{"taxonomy":"product_tag","embeddable":true,"href":"https:\/\/www.aclimasoluciones.es\/en\/wp-json\/wp\/v2\/product_tag?post=1006"}],"curies":[{"name":"wp","href":"https:\/\/api.w.org\/{rel}","templated":true}]}}