{"id":1024,"date":"2023-11-15T20:56:03","date_gmt":"2023-11-15T19:56:03","guid":{"rendered":"https:\/\/aclimasoluciones.es\/?post_type=product&#038;p=1024"},"modified":"2024-01-04T12:26:56","modified_gmt":"2024-01-04T11:26:56","slug":"acumulador-dinamico-solar-elnur-gabarron-ecombi-arc","status":"publish","type":"product","link":"https:\/\/www.aclimasoluciones.es\/en\/tienda\/climatizacion\/acumuladores-de-energia\/acumulador-dinamico-solar-elnur-gabarron-ecombi-arc\/","title":{"rendered":"Acumulador din\u00e1mico solar Elnur Gabarron Ecombi ARC"},"content":{"rendered":"<h2>Acumulador din\u00e1mico SOLAR ARC de Alta Retenci\u00f3n de Calor para instalaciones de autoconsumo con excedentes a la red.<\/h2>\n<ul>\n<li>Saca el m\u00e1ximo partido a la instalaci\u00f3n de autoconsumo<\/li>\n<li>Gestiona autom\u00e1ticamente los excedentes de energ\u00eda generados por la instalaci\u00f3n y los transforma en calefacci\u00f3n para el hogar.<\/li>\n<li>Reduce el consumo en calefacci\u00f3n<\/li>\n<li>Puede funcionar como sistema \u00fanico de calefacci\u00f3n utilizando la energ\u00eda solar y las tarifas valle de discriminaci\u00f3n horaria para completar la carga. Tambi\u00e9n puede instalarse como complemento a otro sistema principal reduciendo as\u00ed la factura energ\u00e9tica.<\/li>\n<li>Tecnolog\u00eda Solar Manager patentada<\/li>\n<li>Tecnolog\u00eda desarrollada y patentada por ELNUR GABARRON para la gesti\u00f3n inteligente de la energ\u00eda fotovoltaica.<\/li>\n<li>Control integral a trav\u00e9s del Sistema G Control<\/li>\n<li>Configura el funcionamiento de Ecombi Solar, accede al hist\u00f3rico de la instalaci\u00f3n y controla los excedentes de energ\u00eda desde cualquier lugar a trav\u00e9s de la App gratuita Elnur Wifi Control.<\/li>\n<\/ul>\n<p><strong>COMO FUNCIONA<\/strong><\/p>\n<p>Los acumuladores de calor solares pueden funcionar como\u00a0<strong>sistema de apoyo a una calefacci\u00f3n principal<\/strong>\u00a0consumiendo \u00fanicamente los excedentes de la instalaci\u00f3n fotovoltaica que se vierten a la red el\u00e9ctrica. Estos excedentes ser\u00e1n transformados en calor acumulado, para despu\u00e9s, cederlo a la estancia seg\u00fan las necesidades de confort establecidas.<\/p>\n<p>Si la producci\u00f3n de excedentes no fuera suficiente como para aportar la calefacci\u00f3n deseada, los acumuladores de calor solar pueden funcionar como\u00a0<strong>sistema \u00fanico de calefacci\u00f3n<\/strong>, completando la carga durante las horas valle.<\/p>\n<div class=\"video-shortcode\"><iframe title=\"C\u00f3mo funciona un acumulador de calor Ecombi para producir calefacci\u00f3n con placas solares\" width=\"1140\" height=\"641\" src=\"https:\/\/www.youtube.com\/embed\/UDDnheBcELA?feature=oembed\" frameborder=\"0\" allow=\"accelerometer; autoplay; clipboard-write; encrypted-media; gyroscope; picture-in-picture; web-share\" allowfullscreen><\/iframe><\/div>\n<p>&nbsp;<\/p>\n<p>&nbsp;<\/p>\n","protected":false},"excerpt":{"rendered":"<p>Acumulador din\u00e1mico SOLAR ARC de Alta Retenci\u00f3n de Calor para instalaciones de autoconsumo con excedentes a la red<\/p>\n","protected":false},"featured_media":1025,"comment_status":"open","ping_status":"closed","template":"","meta":[],"product_brand":[],"product_cat":[42],"product_tag":[43],"class_list":{"0":"post-1024","1":"product","2":"type-product","3":"status-publish","4":"has-post-thumbnail","6":"product_cat-acumuladores-de-energia","7":"product_tag-acumuladores-de-energia","8":"yith_product_brand-elnur-gabarron","10":"first","11":"instock","12":"shipping-taxable","13":"purchasable","14":"product-type-simple"},"yoast_head":"<!-- This site is optimized with the Yoast SEO plugin v25.7 - https:\/\/yoast.com\/wordpress\/plugins\/seo\/ -->\n<title>Acumulador din\u00e1mico solar Elnur Gabarron Ecombi ARC - Aclima Soluciones<\/title>\n<meta name=\"description\" content=\"Acumulador din\u00e1mico SOLAR ARC de Alta Retenci\u00f3n de Calor para instalaciones de autoconsumo con excedentes a la red\" \/>\n<meta name=\"robots\" content=\"index, follow, max-snippet:-1, max-image-preview:large, max-video-preview:-1\" \/>\n<link rel=\"canonical\" href=\"https:\/\/www.aclimasoluciones.es\/en\/tienda\/climatizacion\/acumuladores-de-energia\/acumulador-dinamico-solar-elnur-gabarron-ecombi-arc\/\" \/>\n<meta property=\"og:locale\" content=\"en_US\" \/>\n<meta property=\"og:type\" content=\"article\" \/>\n<meta property=\"og:title\" content=\"Acumulador din\u00e1mico solar Elnur Gabarron Ecombi ARC - Aclima Soluciones\" \/>\n<meta property=\"og:description\" content=\"Acumulador din\u00e1mico SOLAR ARC de Alta Retenci\u00f3n de Calor para instalaciones de autoconsumo con excedentes a la red\" \/>\n<meta property=\"og:url\" content=\"https:\/\/www.aclimasoluciones.es\/en\/tienda\/climatizacion\/acumuladores-de-energia\/acumulador-dinamico-solar-elnur-gabarron-ecombi-arc\/\" \/>\n<meta property=\"og:site_name\" content=\"Aclima Soluciones\" \/>\n<meta property=\"article:publisher\" content=\"https:\/\/www.facebook.com\/profile.php?id=100094999684175\" \/>\n<meta property=\"article:modified_time\" content=\"2024-01-04T11:26:56+00:00\" \/>\n<meta property=\"og:image\" content=\"https:\/\/www.aclimasoluciones.es\/wp-content\/uploads\/2023\/11\/Acumulador-dinamico-SOLAR-Ecombi-ARC-Gabarron-510x510-1.jpg\" \/>\n\t<meta property=\"og:image:width\" content=\"510\" \/>\n\t<meta property=\"og:image:height\" content=\"510\" \/>\n\t<meta property=\"og:image:type\" content=\"image\/jpeg\" \/>\n<meta name=\"twitter:card\" content=\"summary_large_image\" \/>\n<meta name=\"twitter:label1\" content=\"Est. reading time\" \/>\n\t<meta name=\"twitter:data1\" content=\"2 minutes\" \/>\n<script type=\"application\/ld+json\" class=\"yoast-schema-graph\">{\"@context\":\"https:\/\/schema.org\",\"@graph\":[{\"@type\":\"WebPage\",\"@id\":\"https:\/\/www.aclimasoluciones.es\/en\/tienda\/climatizacion\/acumuladores-de-energia\/acumulador-dinamico-solar-elnur-gabarron-ecombi-arc\/\",\"url\":\"https:\/\/www.aclimasoluciones.es\/en\/tienda\/climatizacion\/acumuladores-de-energia\/acumulador-dinamico-solar-elnur-gabarron-ecombi-arc\/\",\"name\":\"Acumulador din\u00e1mico solar Elnur Gabarron Ecombi ARC - Aclima Soluciones\",\"isPartOf\":{\"@id\":\"https:\/\/www.aclimasoluciones.es\/en\/#website\"},\"primaryImageOfPage\":{\"@id\":\"https:\/\/www.aclimasoluciones.es\/en\/tienda\/climatizacion\/acumuladores-de-energia\/acumulador-dinamico-solar-elnur-gabarron-ecombi-arc\/#primaryimage\"},\"image\":{\"@id\":\"https:\/\/www.aclimasoluciones.es\/en\/tienda\/climatizacion\/acumuladores-de-energia\/acumulador-dinamico-solar-elnur-gabarron-ecombi-arc\/#primaryimage\"},\"thumbnailUrl\":\"https:\/\/www.aclimasoluciones.es\/wp-content\/uploads\/2023\/11\/Acumulador-dinamico-SOLAR-Ecombi-ARC-Gabarron-510x510-1.jpg\",\"datePublished\":\"2023-11-15T19:56:03+00:00\",\"dateModified\":\"2024-01-04T11:26:56+00:00\",\"description\":\"Acumulador din\u00e1mico SOLAR ARC de Alta Retenci\u00f3n de Calor para instalaciones de autoconsumo con excedentes a la red\",\"breadcrumb\":{\"@id\":\"https:\/\/www.aclimasoluciones.es\/en\/tienda\/climatizacion\/acumuladores-de-energia\/acumulador-dinamico-solar-elnur-gabarron-ecombi-arc\/#breadcrumb\"},\"inLanguage\":\"en-US\",\"potentialAction\":[{\"@type\":\"ReadAction\",\"target\":[\"https:\/\/www.aclimasoluciones.es\/en\/tienda\/climatizacion\/acumuladores-de-energia\/acumulador-dinamico-solar-elnur-gabarron-ecombi-arc\/\"]}]},{\"@type\":\"ImageObject\",\"inLanguage\":\"en-US\",\"@id\":\"https:\/\/www.aclimasoluciones.es\/en\/tienda\/climatizacion\/acumuladores-de-energia\/acumulador-dinamico-solar-elnur-gabarron-ecombi-arc\/#primaryimage\",\"url\":\"https:\/\/www.aclimasoluciones.es\/wp-content\/uploads\/2023\/11\/Acumulador-dinamico-SOLAR-Ecombi-ARC-Gabarron-510x510-1.jpg\",\"contentUrl\":\"https:\/\/www.aclimasoluciones.es\/wp-content\/uploads\/2023\/11\/Acumulador-dinamico-SOLAR-Ecombi-ARC-Gabarron-510x510-1.jpg\",\"width\":510,\"height\":510,\"caption\":\"Acumulador dinamico SOLAR Ecombi ARC Gabarron\"},{\"@type\":\"BreadcrumbList\",\"@id\":\"https:\/\/www.aclimasoluciones.es\/en\/tienda\/climatizacion\/acumuladores-de-energia\/acumulador-dinamico-solar-elnur-gabarron-ecombi-arc\/#breadcrumb\",\"itemListElement\":[{\"@type\":\"ListItem\",\"position\":1,\"name\":\"Portada\",\"item\":\"https:\/\/www.aclimasoluciones.es\/en\/\"},{\"@type\":\"ListItem\",\"position\":2,\"name\":\"Shop\",\"item\":\"https:\/\/www.aclimasoluciones.es\/en\/shop\/\"},{\"@type\":\"ListItem\",\"position\":3,\"name\":\"Acumulador din\u00e1mico solar Elnur Gabarron Ecombi ARC\"}]},{\"@type\":\"WebSite\",\"@id\":\"https:\/\/www.aclimasoluciones.es\/en\/#website\",\"url\":\"https:\/\/www.aclimasoluciones.es\/en\/\",\"name\":\"Aclima Soluciones\",\"description\":\"Servicios de electricidad, climatizaci\u00f3n y reparaciones\",\"publisher\":{\"@id\":\"https:\/\/www.aclimasoluciones.es\/en\/#organization\"},\"potentialAction\":[{\"@type\":\"SearchAction\",\"target\":{\"@type\":\"EntryPoint\",\"urlTemplate\":\"https:\/\/www.aclimasoluciones.es\/en\/?s={search_term_string}\"},\"query-input\":{\"@type\":\"PropertyValueSpecification\",\"valueRequired\":true,\"valueName\":\"search_term_string\"}}],\"inLanguage\":\"en-US\"},{\"@type\":\"Organization\",\"@id\":\"https:\/\/www.aclimasoluciones.es\/en\/#organization\",\"name\":\"Aclima Soluciones\",\"url\":\"https:\/\/www.aclimasoluciones.es\/en\/\",\"logo\":{\"@type\":\"ImageObject\",\"inLanguage\":\"en-US\",\"@id\":\"https:\/\/www.aclimasoluciones.es\/en\/#\/schema\/logo\/image\/\",\"url\":\"https:\/\/www.aclimasoluciones.es\/wp-content\/uploads\/2024\/11\/aclima-head-logo-web.webp\",\"contentUrl\":\"https:\/\/www.aclimasoluciones.es\/wp-content\/uploads\/2024\/11\/aclima-head-logo-web.webp\",\"width\":243,\"height\":105,\"caption\":\"Aclima Soluciones\"},\"image\":{\"@id\":\"https:\/\/www.aclimasoluciones.es\/en\/#\/schema\/logo\/image\/\"},\"sameAs\":[\"https:\/\/www.facebook.com\/profile.php?id=100094999684175\",\"https:\/\/www.instagram.com\/aclimasoluciones\/\"]}]}<\/script>\n<!-- \/ Yoast SEO plugin. -->","yoast_head_json":{"title":"Acumulador din\u00e1mico solar Elnur Gabarron Ecombi ARC - Aclima Soluciones","description":"Acumulador din\u00e1mico SOLAR ARC de Alta Retenci\u00f3n de Calor para instalaciones de autoconsumo con excedentes a la red","robots":{"index":"index","follow":"follow","max-snippet":"max-snippet:-1","max-image-preview":"max-image-preview:large","max-video-preview":"max-video-preview:-1"},"canonical":"https:\/\/www.aclimasoluciones.es\/en\/tienda\/climatizacion\/acumuladores-de-energia\/acumulador-dinamico-solar-elnur-gabarron-ecombi-arc\/","og_locale":"en_US","og_type":"article","og_title":"Acumulador din\u00e1mico solar Elnur Gabarron Ecombi ARC - Aclima Soluciones","og_description":"Acumulador din\u00e1mico SOLAR ARC de Alta Retenci\u00f3n de Calor para instalaciones de autoconsumo con excedentes a la red","og_url":"https:\/\/www.aclimasoluciones.es\/en\/tienda\/climatizacion\/acumuladores-de-energia\/acumulador-dinamico-solar-elnur-gabarron-ecombi-arc\/","og_site_name":"Aclima Soluciones","article_publisher":"https:\/\/www.facebook.com\/profile.php?id=100094999684175","article_modified_time":"2024-01-04T11:26:56+00:00","og_image":[{"width":510,"height":510,"url":"https:\/\/www.aclimasoluciones.es\/wp-content\/uploads\/2023\/11\/Acumulador-dinamico-SOLAR-Ecombi-ARC-Gabarron-510x510-1.jpg","type":"image\/jpeg"}],"twitter_card":"summary_large_image","twitter_misc":{"Est. reading time":"2 minutes"},"schema":{"@context":"https:\/\/schema.org","@graph":[{"@type":"WebPage","@id":"https:\/\/www.aclimasoluciones.es\/en\/tienda\/climatizacion\/acumuladores-de-energia\/acumulador-dinamico-solar-elnur-gabarron-ecombi-arc\/","url":"https:\/\/www.aclimasoluciones.es\/en\/tienda\/climatizacion\/acumuladores-de-energia\/acumulador-dinamico-solar-elnur-gabarron-ecombi-arc\/","name":"Acumulador din\u00e1mico solar Elnur Gabarron Ecombi ARC - Aclima Soluciones","isPartOf":{"@id":"https:\/\/www.aclimasoluciones.es\/en\/#website"},"primaryImageOfPage":{"@id":"https:\/\/www.aclimasoluciones.es\/en\/tienda\/climatizacion\/acumuladores-de-energia\/acumulador-dinamico-solar-elnur-gabarron-ecombi-arc\/#primaryimage"},"image":{"@id":"https:\/\/www.aclimasoluciones.es\/en\/tienda\/climatizacion\/acumuladores-de-energia\/acumulador-dinamico-solar-elnur-gabarron-ecombi-arc\/#primaryimage"},"thumbnailUrl":"https:\/\/www.aclimasoluciones.es\/wp-content\/uploads\/2023\/11\/Acumulador-dinamico-SOLAR-Ecombi-ARC-Gabarron-510x510-1.jpg","datePublished":"2023-11-15T19:56:03+00:00","dateModified":"2024-01-04T11:26:56+00:00","description":"Acumulador din\u00e1mico SOLAR ARC de Alta Retenci\u00f3n de Calor para instalaciones de autoconsumo con excedentes a la red","breadcrumb":{"@id":"https:\/\/www.aclimasoluciones.es\/en\/tienda\/climatizacion\/acumuladores-de-energia\/acumulador-dinamico-solar-elnur-gabarron-ecombi-arc\/#breadcrumb"},"inLanguage":"en-US","potentialAction":[{"@type":"ReadAction","target":["https:\/\/www.aclimasoluciones.es\/en\/tienda\/climatizacion\/acumuladores-de-energia\/acumulador-dinamico-solar-elnur-gabarron-ecombi-arc\/"]}]},{"@type":"ImageObject","inLanguage":"en-US","@id":"https:\/\/www.aclimasoluciones.es\/en\/tienda\/climatizacion\/acumuladores-de-energia\/acumulador-dinamico-solar-elnur-gabarron-ecombi-arc\/#primaryimage","url":"https:\/\/www.aclimasoluciones.es\/wp-content\/uploads\/2023\/11\/Acumulador-dinamico-SOLAR-Ecombi-ARC-Gabarron-510x510-1.jpg","contentUrl":"https:\/\/www.aclimasoluciones.es\/wp-content\/uploads\/2023\/11\/Acumulador-dinamico-SOLAR-Ecombi-ARC-Gabarron-510x510-1.jpg","width":510,"height":510,"caption":"Acumulador dinamico SOLAR Ecombi ARC Gabarron"},{"@type":"BreadcrumbList","@id":"https:\/\/www.aclimasoluciones.es\/en\/tienda\/climatizacion\/acumuladores-de-energia\/acumulador-dinamico-solar-elnur-gabarron-ecombi-arc\/#breadcrumb","itemListElement":[{"@type":"ListItem","position":1,"name":"Portada","item":"https:\/\/www.aclimasoluciones.es\/en\/"},{"@type":"ListItem","position":2,"name":"Shop","item":"https:\/\/www.aclimasoluciones.es\/en\/shop\/"},{"@type":"ListItem","position":3,"name":"Acumulador din\u00e1mico solar Elnur Gabarron Ecombi ARC"}]},{"@type":"WebSite","@id":"https:\/\/www.aclimasoluciones.es\/en\/#website","url":"https:\/\/www.aclimasoluciones.es\/en\/","name":"Aclima Soluciones","description":"Servicios de electricidad, climatizaci\u00f3n y reparaciones","publisher":{"@id":"https:\/\/www.aclimasoluciones.es\/en\/#organization"},"potentialAction":[{"@type":"SearchAction","target":{"@type":"EntryPoint","urlTemplate":"https:\/\/www.aclimasoluciones.es\/en\/?s={search_term_string}"},"query-input":{"@type":"PropertyValueSpecification","valueRequired":true,"valueName":"search_term_string"}}],"inLanguage":"en-US"},{"@type":"Organization","@id":"https:\/\/www.aclimasoluciones.es\/en\/#organization","name":"Aclima Soluciones","url":"https:\/\/www.aclimasoluciones.es\/en\/","logo":{"@type":"ImageObject","inLanguage":"en-US","@id":"https:\/\/www.aclimasoluciones.es\/en\/#\/schema\/logo\/image\/","url":"https:\/\/www.aclimasoluciones.es\/wp-content\/uploads\/2024\/11\/aclima-head-logo-web.webp","contentUrl":"https:\/\/www.aclimasoluciones.es\/wp-content\/uploads\/2024\/11\/aclima-head-logo-web.webp","width":243,"height":105,"caption":"Aclima Soluciones"},"image":{"@id":"https:\/\/www.aclimasoluciones.es\/en\/#\/schema\/logo\/image\/"},"sameAs":["https:\/\/www.facebook.com\/profile.php?id=100094999684175","https:\/\/www.instagram.com\/aclimasoluciones\/"]}]}},"_links":{"self":[{"href":"https:\/\/www.aclimasoluciones.es\/en\/wp-json\/wp\/v2\/product\/1024","targetHints":{"allow":["GET"]}}],"collection":[{"href":"https:\/\/www.aclimasoluciones.es\/en\/wp-json\/wp\/v2\/product"}],"about":[{"href":"https:\/\/www.aclimasoluciones.es\/en\/wp-json\/wp\/v2\/types\/product"}],"replies":[{"embeddable":true,"href":"https:\/\/www.aclimasoluciones.es\/en\/wp-json\/wp\/v2\/comments?post=1024"}],"wp:featuredmedia":[{"embeddable":true,"href":"https:\/\/www.aclimasoluciones.es\/en\/wp-json\/wp\/v2\/media\/1025"}],"wp:attachment":[{"href":"https:\/\/www.aclimasoluciones.es\/en\/wp-json\/wp\/v2\/media?parent=1024"}],"wp:term":[{"taxonomy":"product_brand","embeddable":true,"href":"https:\/\/www.aclimasoluciones.es\/en\/wp-json\/wp\/v2\/product_brand?post=1024"},{"taxonomy":"product_cat","embeddable":true,"href":"https:\/\/www.aclimasoluciones.es\/en\/wp-json\/wp\/v2\/product_cat?post=1024"},{"taxonomy":"product_tag","embeddable":true,"href":"https:\/\/www.aclimasoluciones.es\/en\/wp-json\/wp\/v2\/product_tag?post=1024"}],"curies":[{"name":"wp","href":"https:\/\/api.w.org\/{rel}","templated":true}]}}