{"id":1767,"date":"2020-03-11T09:00:30","date_gmt":"2020-03-11T08:00:30","guid":{"rendered":"https:\/\/aclimasoluciones.es\/servicios\/calderas\/"},"modified":"2024-05-14T11:49:29","modified_gmt":"2024-05-14T09:49:29","slug":"caldeiras","status":"publish","type":"page","link":"https:\/\/www.aclimasoluciones.es\/pt-pt\/servicos\/caldeiras\/","title":{"rendered":"Caldeiras"},"content":{"rendered":"<div class=\"fusion-fullwidth fullwidth-box fusion-builder-row-1 fusion-flex-container nonhundred-percent-fullwidth non-hundred-percent-height-scrolling\" style=\"--awb-border-radius-top-left:0px;--awb-border-radius-top-right:0px;--awb-border-radius-bottom-right:0px;--awb-border-radius-bottom-left:0px;--awb-padding-right:0px;--awb-padding-left:0px;--awb-flex-wrap:wrap;\" ><div class=\"fusion-builder-row fusion-row fusion-flex-align-items-flex-start fusion-flex-content-wrap\" style=\"max-width:1185.6px;margin-left: calc(-4% \/ 2 );margin-right: calc(-4% \/ 2 );\"><div class=\"fusion-layout-column fusion_builder_column fusion-builder-column-0 fusion_builder_column_1_1 1_1 fusion-flex-column fusion-animated\" style=\"--awb-bg-size:cover;--awb-width-large:100%;--awb-margin-top-large:0px;--awb-spacing-right-large:1.92%;--awb-margin-bottom-large:20px;--awb-spacing-left-large:1.92%;--awb-width-medium:100%;--awb-spacing-right-medium:1.92%;--awb-spacing-left-medium:1.92%;--awb-width-small:100%;--awb-spacing-right-small:1.92%;--awb-spacing-left-small:1.92%;\" data-animationType=\"fadeInUp\" data-animationDuration=\"1.0\" data-animationOffset=\"top-into-view\"><div class=\"fusion-column-wrapper fusion-column-has-shadow fusion-flex-justify-content-flex-start fusion-content-layout-column\"><div class=\"fusion-image-element \" style=\"--awb-caption-title-font-family:var(--h2_typography-font-family);--awb-caption-title-font-weight:var(--h2_typography-font-weight);--awb-caption-title-font-style:var(--h2_typography-font-style);--awb-caption-title-size:var(--h2_typography-font-size);--awb-caption-title-transform:var(--h2_typography-text-transform);--awb-caption-title-line-height:var(--h2_typography-line-height);--awb-caption-title-letter-spacing:var(--h2_typography-letter-spacing);\"><span class=\" fusion-imageframe imageframe-none imageframe-1 hover-type-none\" style=\"border-radius:8px;\"><img decoding=\"async\" width=\"1415\" height=\"1060\" title=\"Boiler Install\" src=\"data:image\/svg+xml,%3Csvg%20xmlns%3D%27http%3A%2F%2Fwww.w3.org%2F2000%2Fsvg%27%20width%3D%271415%27%20height%3D%271060%27%20viewBox%3D%270%200%201415%201060%27%3E%3Crect%20width%3D%271415%27%20height%3D%271060%27%20fill-opacity%3D%220%22%2F%3E%3C%2Fsvg%3E\" data-orig-src=\"https:\/\/aclimasoluciones.es\/wp-content\/uploads\/2020\/08\/boiler-isntall.jpg\" alt class=\"lazyload img-responsive wp-image-1479\"\/><\/span><\/div><div class=\"fusion-title title fusion-title-1 fusion-sep-none fusion-title-text fusion-title-size-three\" style=\"--awb-margin-top:40px;--awb-margin-bottom:30px;--awb-margin-top-small:40px;--awb-margin-bottom-small:30px;\"><h3 class=\"fusion-title-heading title-heading-left fusion-responsive-typography-calculated\" style=\"margin:0;text-transform:none;--fontSize:28;line-height:1.2;\">Instala\u00e7\u00e3o, repara\u00e7\u00e3o e manuten\u00e7\u00e3o de caldeiras<\/h3><\/div><div class=\"fusion-text fusion-text-1\"><p>Somos apaixonados por fornecer solu\u00e7\u00f5es fi\u00e1veis e eficientes de aquecimento e \u00e1gua quente, e estamos aqui para o ajudar a encontrar a caldeira perfeita para a sua casa ou empresa.<\/p>\n<p>Na nossa vasta gama de produtos, encontrar\u00e1 uma sele\u00e7\u00e3o diversificada de caldeiras de alta qualidade das marcas mais fi\u00e1veis da ind\u00fastria. Quer esteja \u00e0 procura de uma caldeira a g\u00e1s, caldeira de condensa\u00e7\u00e3o, caldeira el\u00e9ctrica ou caldeira de biomassa, temos op\u00e7\u00f5es que se adequam \u00e0s suas necessidades e or\u00e7amento. A nossa equipa de especialistas em aquecimento est\u00e1 sempre dispon\u00edvel para o aconselhar de forma personalizada e garantir que faz a melhor escolha para a sua situa\u00e7\u00e3o.<\/p>\n<p>A <strong>efici\u00eancia energ\u00e9tica<\/strong> \u00e9 uma das nossas principais preocupa\u00e7\u00f5es, e \u00e9 por isso que oferecemos caldeiras modernas e avan\u00e7adas que o ajudar\u00e3o a poupar dinheiro a longo prazo, minimizando a sua pegada de carbono. Se procura uma caldeira com caracter\u00edsticas espec\u00edficas, tais como controlo inteligente, sistemas de zoneamento ou um design compacto, est\u00e1 no s\u00edtio certo.<\/p>\n<p>Para al\u00e9m da nossa vasta sele\u00e7\u00e3o de produtos, tamb\u00e9m fornecemos servi\u00e7os de instala\u00e7\u00e3o e manuten\u00e7\u00e3o de caldeiras para garantir que o seu investimento funciona da melhor forma durante anos. A nossa equipa de t\u00e9cnicos altamente qualificados encarrega-se da instala\u00e7\u00e3o da sua caldeira de forma profissional e eficiente.<\/p>\n<p>Em suma, na nossa loja online de caldeiras, encontrar\u00e1 a combina\u00e7\u00e3o perfeita de qualidade, variedade e experi\u00eancia. Orgulhamo-nos de ser o seu parceiro de confian\u00e7a no mundo do aquecimento e da \u00e1gua quente. Explore o nosso cat\u00e1logo e descubra como podemos melhorar o conforto e a efici\u00eancia da sua casa ou empresa com as nossas caldeiras de \u00faltima gera\u00e7\u00e3o. Obrigado por nos escolher como a sua fonte fi\u00e1vel de solu\u00e7\u00f5es de aquecimento!<\/p>\n<\/div><\/div><\/div><\/div><\/div>\n","protected":false},"excerpt":{"rendered":"","protected":false},"author":2,"featured_media":1481,"parent":1759,"menu_order":0,"comment_status":"closed","ping_status":"closed","template":"100-width.php","meta":{"footnotes":""},"class_list":["post-1767","page","type-page","status-publish","has-post-thumbnail","hentry"],"yoast_head":"<!-- This site is optimized with the Yoast SEO plugin v25.7 - https:\/\/yoast.com\/wordpress\/plugins\/seo\/ -->\n<title>Caldeiras - Aclima Soluciones<\/title>\n<meta name=\"description\" content=\"Instala\u00e7\u00e3o, repara\u00e7\u00e3o e manuten\u00e7\u00e3o de caldeiras\" \/>\n<meta name=\"robots\" content=\"index, follow, max-snippet:-1, max-image-preview:large, max-video-preview:-1\" \/>\n<link rel=\"canonical\" href=\"https:\/\/www.aclimasoluciones.es\/pt-pt\/servicos\/caldeiras\/\" \/>\n<meta property=\"og:locale\" content=\"pt_PT\" \/>\n<meta property=\"og:type\" content=\"article\" \/>\n<meta property=\"og:title\" content=\"Caldeiras - Aclima Soluciones\" \/>\n<meta property=\"og:description\" content=\"Instala\u00e7\u00e3o, repara\u00e7\u00e3o e manuten\u00e7\u00e3o de caldeiras\" \/>\n<meta property=\"og:url\" content=\"https:\/\/www.aclimasoluciones.es\/pt-pt\/servicos\/caldeiras\/\" \/>\n<meta property=\"og:site_name\" content=\"Aclima Soluciones\" \/>\n<meta property=\"article:publisher\" content=\"https:\/\/www.facebook.com\/profile.php?id=100094999684175\" \/>\n<meta property=\"article:modified_time\" content=\"2024-05-14T09:49:29+00:00\" \/>\n<meta property=\"og:image\" content=\"https:\/\/www.aclimasoluciones.es\/wp-content\/uploads\/2020\/08\/boiler-hero.jpg\" \/>\n\t<meta property=\"og:image:width\" content=\"2560\" \/>\n\t<meta property=\"og:image:height\" content=\"1017\" \/>\n\t<meta property=\"og:image:type\" content=\"image\/jpeg\" \/>\n<meta name=\"twitter:card\" content=\"summary_large_image\" \/>\n<meta name=\"twitter:label1\" content=\"Tempo estimado de leitura\" \/>\n\t<meta name=\"twitter:data1\" content=\"2 minutos\" \/>\n<script type=\"application\/ld+json\" class=\"yoast-schema-graph\">{\"@context\":\"https:\/\/schema.org\",\"@graph\":[{\"@type\":\"WebPage\",\"@id\":\"https:\/\/www.aclimasoluciones.es\/pt-pt\/servicos\/caldeiras\/\",\"url\":\"https:\/\/www.aclimasoluciones.es\/pt-pt\/servicos\/caldeiras\/\",\"name\":\"Caldeiras - Aclima Soluciones\",\"isPartOf\":{\"@id\":\"https:\/\/www.aclimasoluciones.es\/pt-pt\/#website\"},\"primaryImageOfPage\":{\"@id\":\"https:\/\/www.aclimasoluciones.es\/pt-pt\/servicos\/caldeiras\/#primaryimage\"},\"image\":{\"@id\":\"https:\/\/www.aclimasoluciones.es\/pt-pt\/servicos\/caldeiras\/#primaryimage\"},\"thumbnailUrl\":\"https:\/\/www.aclimasoluciones.es\/wp-content\/uploads\/2020\/08\/boiler-hero.jpg\",\"datePublished\":\"2020-03-11T08:00:30+00:00\",\"dateModified\":\"2024-05-14T09:49:29+00:00\",\"description\":\"Instala\u00e7\u00e3o, repara\u00e7\u00e3o e manuten\u00e7\u00e3o de caldeiras\",\"breadcrumb\":{\"@id\":\"https:\/\/www.aclimasoluciones.es\/pt-pt\/servicos\/caldeiras\/#breadcrumb\"},\"inLanguage\":\"pt-PT\",\"potentialAction\":[{\"@type\":\"ReadAction\",\"target\":[\"https:\/\/www.aclimasoluciones.es\/pt-pt\/servicos\/caldeiras\/\"]}]},{\"@type\":\"ImageObject\",\"inLanguage\":\"pt-PT\",\"@id\":\"https:\/\/www.aclimasoluciones.es\/pt-pt\/servicos\/caldeiras\/#primaryimage\",\"url\":\"https:\/\/www.aclimasoluciones.es\/wp-content\/uploads\/2020\/08\/boiler-hero.jpg\",\"contentUrl\":\"https:\/\/www.aclimasoluciones.es\/wp-content\/uploads\/2020\/08\/boiler-hero.jpg\",\"width\":2560,\"height\":1017},{\"@type\":\"BreadcrumbList\",\"@id\":\"https:\/\/www.aclimasoluciones.es\/pt-pt\/servicos\/caldeiras\/#breadcrumb\",\"itemListElement\":[{\"@type\":\"ListItem\",\"position\":1,\"name\":\"Portada\",\"item\":\"https:\/\/www.aclimasoluciones.es\/pt-pt\/\"},{\"@type\":\"ListItem\",\"position\":2,\"name\":\"Servi\u00e7os\",\"item\":\"https:\/\/www.aclimasoluciones.es\/pt-pt\/servicos\/\"},{\"@type\":\"ListItem\",\"position\":3,\"name\":\"Caldeiras\"}]},{\"@type\":\"WebSite\",\"@id\":\"https:\/\/www.aclimasoluciones.es\/pt-pt\/#website\",\"url\":\"https:\/\/www.aclimasoluciones.es\/pt-pt\/\",\"name\":\"Aclima Soluciones\",\"description\":\"Servicios de electricidad, climatizaci\u00f3n y reparaciones\",\"publisher\":{\"@id\":\"https:\/\/www.aclimasoluciones.es\/pt-pt\/#organization\"},\"potentialAction\":[{\"@type\":\"SearchAction\",\"target\":{\"@type\":\"EntryPoint\",\"urlTemplate\":\"https:\/\/www.aclimasoluciones.es\/pt-pt\/?s={search_term_string}\"},\"query-input\":{\"@type\":\"PropertyValueSpecification\",\"valueRequired\":true,\"valueName\":\"search_term_string\"}}],\"inLanguage\":\"pt-PT\"},{\"@type\":\"Organization\",\"@id\":\"https:\/\/www.aclimasoluciones.es\/pt-pt\/#organization\",\"name\":\"Aclima Soluciones\",\"url\":\"https:\/\/www.aclimasoluciones.es\/pt-pt\/\",\"logo\":{\"@type\":\"ImageObject\",\"inLanguage\":\"pt-PT\",\"@id\":\"https:\/\/www.aclimasoluciones.es\/pt-pt\/#\/schema\/logo\/image\/\",\"url\":\"https:\/\/www.aclimasoluciones.es\/wp-content\/uploads\/2024\/11\/aclima-head-logo-web.webp\",\"contentUrl\":\"https:\/\/www.aclimasoluciones.es\/wp-content\/uploads\/2024\/11\/aclima-head-logo-web.webp\",\"width\":243,\"height\":105,\"caption\":\"Aclima Soluciones\"},\"image\":{\"@id\":\"https:\/\/www.aclimasoluciones.es\/pt-pt\/#\/schema\/logo\/image\/\"},\"sameAs\":[\"https:\/\/www.facebook.com\/profile.php?id=100094999684175\",\"https:\/\/www.instagram.com\/aclimasoluciones\/\"]}]}<\/script>\n<!-- \/ Yoast SEO plugin. -->","yoast_head_json":{"title":"Caldeiras - Aclima Soluciones","description":"Instala\u00e7\u00e3o, repara\u00e7\u00e3o e manuten\u00e7\u00e3o de caldeiras","robots":{"index":"index","follow":"follow","max-snippet":"max-snippet:-1","max-image-preview":"max-image-preview:large","max-video-preview":"max-video-preview:-1"},"canonical":"https:\/\/www.aclimasoluciones.es\/pt-pt\/servicos\/caldeiras\/","og_locale":"pt_PT","og_type":"article","og_title":"Caldeiras - Aclima Soluciones","og_description":"Instala\u00e7\u00e3o, repara\u00e7\u00e3o e manuten\u00e7\u00e3o de caldeiras","og_url":"https:\/\/www.aclimasoluciones.es\/pt-pt\/servicos\/caldeiras\/","og_site_name":"Aclima Soluciones","article_publisher":"https:\/\/www.facebook.com\/profile.php?id=100094999684175","article_modified_time":"2024-05-14T09:49:29+00:00","og_image":[{"width":2560,"height":1017,"url":"https:\/\/www.aclimasoluciones.es\/wp-content\/uploads\/2020\/08\/boiler-hero.jpg","type":"image\/jpeg"}],"twitter_card":"summary_large_image","twitter_misc":{"Tempo estimado de leitura":"2 minutos"},"schema":{"@context":"https:\/\/schema.org","@graph":[{"@type":"WebPage","@id":"https:\/\/www.aclimasoluciones.es\/pt-pt\/servicos\/caldeiras\/","url":"https:\/\/www.aclimasoluciones.es\/pt-pt\/servicos\/caldeiras\/","name":"Caldeiras - Aclima Soluciones","isPartOf":{"@id":"https:\/\/www.aclimasoluciones.es\/pt-pt\/#website"},"primaryImageOfPage":{"@id":"https:\/\/www.aclimasoluciones.es\/pt-pt\/servicos\/caldeiras\/#primaryimage"},"image":{"@id":"https:\/\/www.aclimasoluciones.es\/pt-pt\/servicos\/caldeiras\/#primaryimage"},"thumbnailUrl":"https:\/\/www.aclimasoluciones.es\/wp-content\/uploads\/2020\/08\/boiler-hero.jpg","datePublished":"2020-03-11T08:00:30+00:00","dateModified":"2024-05-14T09:49:29+00:00","description":"Instala\u00e7\u00e3o, repara\u00e7\u00e3o e manuten\u00e7\u00e3o de caldeiras","breadcrumb":{"@id":"https:\/\/www.aclimasoluciones.es\/pt-pt\/servicos\/caldeiras\/#breadcrumb"},"inLanguage":"pt-PT","potentialAction":[{"@type":"ReadAction","target":["https:\/\/www.aclimasoluciones.es\/pt-pt\/servicos\/caldeiras\/"]}]},{"@type":"ImageObject","inLanguage":"pt-PT","@id":"https:\/\/www.aclimasoluciones.es\/pt-pt\/servicos\/caldeiras\/#primaryimage","url":"https:\/\/www.aclimasoluciones.es\/wp-content\/uploads\/2020\/08\/boiler-hero.jpg","contentUrl":"https:\/\/www.aclimasoluciones.es\/wp-content\/uploads\/2020\/08\/boiler-hero.jpg","width":2560,"height":1017},{"@type":"BreadcrumbList","@id":"https:\/\/www.aclimasoluciones.es\/pt-pt\/servicos\/caldeiras\/#breadcrumb","itemListElement":[{"@type":"ListItem","position":1,"name":"Portada","item":"https:\/\/www.aclimasoluciones.es\/pt-pt\/"},{"@type":"ListItem","position":2,"name":"Servi\u00e7os","item":"https:\/\/www.aclimasoluciones.es\/pt-pt\/servicos\/"},{"@type":"ListItem","position":3,"name":"Caldeiras"}]},{"@type":"WebSite","@id":"https:\/\/www.aclimasoluciones.es\/pt-pt\/#website","url":"https:\/\/www.aclimasoluciones.es\/pt-pt\/","name":"Aclima Soluciones","description":"Servicios de electricidad, climatizaci\u00f3n y reparaciones","publisher":{"@id":"https:\/\/www.aclimasoluciones.es\/pt-pt\/#organization"},"potentialAction":[{"@type":"SearchAction","target":{"@type":"EntryPoint","urlTemplate":"https:\/\/www.aclimasoluciones.es\/pt-pt\/?s={search_term_string}"},"query-input":{"@type":"PropertyValueSpecification","valueRequired":true,"valueName":"search_term_string"}}],"inLanguage":"pt-PT"},{"@type":"Organization","@id":"https:\/\/www.aclimasoluciones.es\/pt-pt\/#organization","name":"Aclima Soluciones","url":"https:\/\/www.aclimasoluciones.es\/pt-pt\/","logo":{"@type":"ImageObject","inLanguage":"pt-PT","@id":"https:\/\/www.aclimasoluciones.es\/pt-pt\/#\/schema\/logo\/image\/","url":"https:\/\/www.aclimasoluciones.es\/wp-content\/uploads\/2024\/11\/aclima-head-logo-web.webp","contentUrl":"https:\/\/www.aclimasoluciones.es\/wp-content\/uploads\/2024\/11\/aclima-head-logo-web.webp","width":243,"height":105,"caption":"Aclima Soluciones"},"image":{"@id":"https:\/\/www.aclimasoluciones.es\/pt-pt\/#\/schema\/logo\/image\/"},"sameAs":["https:\/\/www.facebook.com\/profile.php?id=100094999684175","https:\/\/www.instagram.com\/aclimasoluciones\/"]}]}},"_links":{"self":[{"href":"https:\/\/www.aclimasoluciones.es\/pt-pt\/wp-json\/wp\/v2\/pages\/1767","targetHints":{"allow":["GET"]}}],"collection":[{"href":"https:\/\/www.aclimasoluciones.es\/pt-pt\/wp-json\/wp\/v2\/pages"}],"about":[{"href":"https:\/\/www.aclimasoluciones.es\/pt-pt\/wp-json\/wp\/v2\/types\/page"}],"author":[{"embeddable":true,"href":"https:\/\/www.aclimasoluciones.es\/pt-pt\/wp-json\/wp\/v2\/users\/2"}],"replies":[{"embeddable":true,"href":"https:\/\/www.aclimasoluciones.es\/pt-pt\/wp-json\/wp\/v2\/comments?post=1767"}],"version-history":[{"count":2,"href":"https:\/\/www.aclimasoluciones.es\/pt-pt\/wp-json\/wp\/v2\/pages\/1767\/revisions"}],"predecessor-version":[{"id":1951,"href":"https:\/\/www.aclimasoluciones.es\/pt-pt\/wp-json\/wp\/v2\/pages\/1767\/revisions\/1951"}],"up":[{"embeddable":true,"href":"https:\/\/www.aclimasoluciones.es\/pt-pt\/wp-json\/wp\/v2\/pages\/1759"}],"wp:featuredmedia":[{"embeddable":true,"href":"https:\/\/www.aclimasoluciones.es\/pt-pt\/wp-json\/wp\/v2\/media\/1481"}],"wp:attachment":[{"href":"https:\/\/www.aclimasoluciones.es\/pt-pt\/wp-json\/wp\/v2\/media?parent=1767"}],"curies":[{"name":"wp","href":"https:\/\/api.w.org\/{rel}","templated":true}]}}