{"id":3231,"date":"2025-01-22T21:11:01","date_gmt":"2025-01-22T20:11:01","guid":{"rendered":"https:\/\/aclimasoluciones.es\/?page_id=3231"},"modified":"2025-01-22T21:11:02","modified_gmt":"2025-01-22T20:11:02","slug":"instalacoes-fotovoltaicas-2","status":"publish","type":"page","link":"https:\/\/www.aclimasoluciones.es\/pt-pt\/servicos\/instalacoes-fotovoltaicas-2\/","title":{"rendered":"Instala\u00e7\u00f5es fotovoltaicas"},"content":{"rendered":"<div class=\"fusion-fullwidth fullwidth-box fusion-builder-row-1 fusion-flex-container nonhundred-percent-fullwidth non-hundred-percent-height-scrolling\" style=\"--awb-border-radius-top-left:0px;--awb-border-radius-top-right:0px;--awb-border-radius-bottom-right:0px;--awb-border-radius-bottom-left:0px;--awb-padding-right:0px;--awb-padding-left:0px;--awb-flex-wrap:wrap;\" ><div class=\"fusion-builder-row fusion-row fusion-flex-align-items-flex-start fusion-flex-content-wrap\" style=\"max-width:1185.6px;margin-left: calc(-4% \/ 2 );margin-right: calc(-4% \/ 2 );\"><div class=\"fusion-layout-column fusion_builder_column fusion-builder-column-0 fusion_builder_column_1_1 1_1 fusion-flex-column fusion-animated\" style=\"--awb-bg-size:cover;--awb-width-large:100%;--awb-margin-top-large:0px;--awb-spacing-right-large:1.92%;--awb-margin-bottom-large:20px;--awb-spacing-left-large:1.92%;--awb-width-medium:100%;--awb-spacing-right-medium:1.92%;--awb-spacing-left-medium:1.92%;--awb-width-small:100%;--awb-spacing-right-small:1.92%;--awb-spacing-left-small:1.92%;\" data-animationType=\"fadeInUp\" data-animationDuration=\"1.0\" data-animationOffset=\"top-into-view\"><div class=\"fusion-column-wrapper fusion-column-has-shadow fusion-flex-justify-content-flex-start fusion-content-layout-column\"><div class=\"fusion-image-element \" style=\"--awb-caption-title-font-family:var(--h2_typography-font-family);--awb-caption-title-font-weight:var(--h2_typography-font-weight);--awb-caption-title-font-style:var(--h2_typography-font-style);--awb-caption-title-size:var(--h2_typography-font-size);--awb-caption-title-transform:var(--h2_typography-text-transform);--awb-caption-title-line-height:var(--h2_typography-line-height);--awb-caption-title-letter-spacing:var(--h2_typography-letter-spacing);\"><span class=\" fusion-imageframe imageframe-none imageframe-1 hover-type-none\" style=\"border-radius:8px;\"><img decoding=\"async\" width=\"1415\" height=\"1060\" alt=\"Instalaciones fotovolt\u00e1icas\" title=\"servicios-instalaciones-fotovoltaicas-color\" src=\"https:\/\/www.aclimasoluciones.es\/wp-content\/uploads\/2023\/11\/servicios-instalaciones-fotovoltaicas-color.jpg\" data-orig-src=\"https:\/\/aclimasoluciones.es\/wp-content\/uploads\/2023\/11\/servicios-instalaciones-fotovoltaicas-color.jpg\" class=\"lazyload img-responsive wp-image-1545\" srcset=\"data:image\/svg+xml,%3Csvg%20xmlns%3D%27http%3A%2F%2Fwww.w3.org%2F2000%2Fsvg%27%20width%3D%271415%27%20height%3D%271060%27%20viewBox%3D%270%200%201415%201060%27%3E%3Crect%20width%3D%271415%27%20height%3D%271060%27%20fill-opacity%3D%220%22%2F%3E%3C%2Fsvg%3E\" data-srcset=\"https:\/\/www.aclimasoluciones.es\/wp-content\/uploads\/2023\/11\/servicios-instalaciones-fotovoltaicas-color-200x150.jpg 200w, https:\/\/www.aclimasoluciones.es\/wp-content\/uploads\/2023\/11\/servicios-instalaciones-fotovoltaicas-color-400x300.jpg 400w, https:\/\/www.aclimasoluciones.es\/wp-content\/uploads\/2023\/11\/servicios-instalaciones-fotovoltaicas-color-600x449.jpg 600w, https:\/\/www.aclimasoluciones.es\/wp-content\/uploads\/2023\/11\/servicios-instalaciones-fotovoltaicas-color-800x599.jpg 800w, https:\/\/www.aclimasoluciones.es\/wp-content\/uploads\/2023\/11\/servicios-instalaciones-fotovoltaicas-color-1200x899.jpg 1200w, https:\/\/www.aclimasoluciones.es\/wp-content\/uploads\/2023\/11\/servicios-instalaciones-fotovoltaicas-color.jpg 1415w\" data-sizes=\"auto\" data-orig-sizes=\"(max-width: 1024px) 100vw, (max-width: 640px) 100vw, 1200px\" \/><\/span><\/div><div class=\"fusion-title title fusion-title-1 fusion-sep-none fusion-title-text fusion-title-size-three\" style=\"--awb-margin-top:40px;--awb-margin-bottom:30px;--awb-margin-top-small:40px;--awb-margin-bottom-small:30px;\"><h3 class=\"fusion-title-heading title-heading-left fusion-responsive-typography-calculated\" style=\"margin:0;text-transform:capitalize;--fontSize:28;line-height:1.2;\">Instala\u00e7\u00f5es fotovoltaicas<\/h3><\/div><div class=\"fusion-text fusion-text-1\"><div class=\"flex flex-grow flex-col max-w-full\">\n<div class=\"min-h-[20px] text-message flex flex-col items-start gap-3 whitespace-pre-wrap break-words [.text-message+&]:mt-5 overflow-x-auto\" data-message-author-role=\"assistant\" data-message-id=\"8a3e70c5-733f-4659-a1a2-4af163c6a0d8\">\n<div class=\"markdown prose w-full break-words dark:prose-invert dark\">\n<p><strong>Energia limpa para todos: Aclima Solutions e as suas solu\u00e7\u00f5es fotovoltaicas integradas<\/strong><\/p>\n<p>Na era atual, a transi\u00e7\u00e3o para fontes de energia mais sustent\u00e1veis tornou-se imperativa. A Aclima Solutions orgulha-se de liderar esta mudan\u00e7a, oferecendo solu\u00e7\u00f5es fotovoltaicas abrangentes para indiv\u00edduos, empresas e institui\u00e7\u00f5es. A nossa dedica\u00e7\u00e3o \u00e0 excel\u00eancia e inova\u00e7\u00e3o coloca-nos na vanguarda da revolu\u00e7\u00e3o energ\u00e9tica, fornecendo uma variedade de servi\u00e7os concebidos para tirar o m\u00e1ximo partido da energia do sol.<\/p>\n<p><strong>Para Particulares:<\/strong><\/p>\n<ul>\n<li><strong>Instala\u00e7\u00f5es residenciais:<\/strong> Transforme a sua casa num o\u00e1sis de energia sustent\u00e1vel com o nosso servi\u00e7o de instala\u00e7\u00e3o de pain\u00e9is solares residenciais. Concebemos sistemas personalizados que se integram perfeitamente na arquitetura da sua casa, gerando eletricidade limpa e reduzindo a sua depend\u00eancia da rede convencional.<\/li>\n<li><strong>Sistemas h\u00edbridos:<\/strong> Maximize a efici\u00eancia do seu sistema solar, combinando a energia fotovoltaica com sistemas de armazenamento de energia e de reserva. Com os nossos sistemas h\u00edbridos, as fam\u00edlias podem usufruir de um fornecimento de energia ininterrupto, mesmo durante as falhas de energia.<\/li>\n<li><strong>Efici\u00eancia energ\u00e9tica:<\/strong> Para al\u00e9m da instala\u00e7\u00e3o de pain\u00e9is solares, oferecemos servi\u00e7os de efici\u00eancia energ\u00e9tica para ajudar os propriet\u00e1rios a reduzir o seu consumo global. Desde a otimiza\u00e7\u00e3o da ilumina\u00e7\u00e3o at\u00e9 \u00e0 instala\u00e7\u00e3o de dispositivos inteligentes, trabalhamos para maximizar as suas poupan\u00e7as de energia.<\/li>\n<\/ul>\n<p><strong>Para as Empresas:<\/strong><\/p>\n<ul>\n<li><strong>Parques solares comerciais:<\/strong> A Aclima Solutions projecta, instala e mant\u00e9m parques solares comerciais personalizados. Estes parques s\u00e3o solu\u00e7\u00f5es escal\u00e1veis que permitem \u00e0s empresas gerar energia renov\u00e1vel em grande escala, reduzindo os custos operacionais e a pegada de carbono.<\/li>\n<li><strong>Sistemas de autoconsumo:<\/strong> Ajudamos as empresas a implementar sistemas de autoconsumo, permitindo-lhes gerar a sua pr\u00f3pria eletricidade e reduzir significativamente a sua fatura energ\u00e9tica. Estes sistemas s\u00e3o especialmente vantajosos para empresas com elevadas necessidades energ\u00e9ticas.<\/li>\n<li><strong>Auditorias energ\u00e9ticas:<\/strong> Realizamos auditorias energ\u00e9ticas para identificar \u00e1reas de melhoria e efici\u00eancia no consumo de energia das empresas. Isto permite a implementa\u00e7\u00e3o de medidas espec\u00edficas para maximizar as poupan\u00e7as e a sustentabilidade.<\/li>\n<\/ul>\n<p><strong>Para institui\u00e7\u00f5es:<\/strong><\/p>\n<ul>\n<li><strong>Projectos governamentais:<\/strong> Trabalhamos em parceria com institui\u00e7\u00f5es governamentais no desenvolvimento e implementa\u00e7\u00e3o de projectos de energia solar. A nossa experi\u00eancia e compromisso com a qualidade garantem o sucesso de projectos que beneficiam comunidades inteiras.<\/li>\n<li><strong>Instala\u00e7\u00f5es em escolas e hospitais:<\/strong> Criamos solu\u00e7\u00f5es \u00e0 medida para institui\u00e7\u00f5es de ensino e de sa\u00fade, permitindo-lhes reduzir os custos operacionais e afetar recursos adicionais \u00e0s suas miss\u00f5es principais.<\/li>\n<li><strong>Sistemas de bombagem solar:<\/strong> Em \u00e1reas remotas ou \u00e1reas com acesso limitado \u00e0 rede, implementamos sistemas de bombagem solar que proporcionam um acesso sustent\u00e1vel \u00e0 \u00e1gua para a agricultura e as comunidades.<\/li>\n<\/ul>\n<p><strong>Compromisso com a sustentabilidade:<\/strong><\/p>\n<p>Na Aclima Solutions, n\u00e3o s\u00f3 fornecemos sistemas fotovoltaicos de \u00faltima gera\u00e7\u00e3o, como tamb\u00e9m adoptamos a sustentabilidade em todas as fases. Desde a sele\u00e7\u00e3o de materiais \u00e0 gest\u00e3o de res\u00edduos, estamos empenhados em pr\u00e1ticas que respeitam o nosso ambiente.<\/p>\n<p><strong>Torne-se um pioneiro em energia sustent\u00e1vel com a Aclima Solutions:<\/strong><\/p>\n<p>Quer seja um propriet\u00e1rio consciente, um empres\u00e1rio vision\u00e1rio ou um representante de uma institui\u00e7\u00e3o empenhada na sustentabilidade, a Aclima Solutions tem a experi\u00eancia e dedica\u00e7\u00e3o para fornecer solu\u00e7\u00f5es fotovoltaicas adaptadas \u00e0s suas necessidades espec\u00edficas. Contacte-nos hoje para embarcar na viagem para um futuro mais limpo e mais sustent\u00e1vel.<\/p>\n<\/div>\n<\/div>\n<\/div>\n<\/div><\/div><\/div><\/div><\/div>\n","protected":false},"excerpt":{"rendered":"","protected":false},"author":2,"featured_media":1549,"parent":1759,"menu_order":0,"comment_status":"closed","ping_status":"closed","template":"100-width.php","meta":{"footnotes":""},"class_list":["post-3231","page","type-page","status-publish","has-post-thumbnail","hentry"],"yoast_head":"<!-- This site is optimized with the Yoast SEO plugin v25.7 - https:\/\/yoast.com\/wordpress\/plugins\/seo\/ -->\n<title>Instala\u00e7\u00f5es fotovoltaicas - Aclima Soluciones<\/title>\n<meta name=\"description\" content=\"Gerar energia limpa e sustent\u00e1vel com as nossas instala\u00e7\u00f5es fotovoltaicas. Transforme a luz solar em eletricidade de uma forma eficiente e ecol\u00f3gica.\" \/>\n<meta name=\"robots\" content=\"index, follow, max-snippet:-1, max-image-preview:large, max-video-preview:-1\" \/>\n<link rel=\"canonical\" href=\"https:\/\/www.aclimasoluciones.es\/pt-pt\/servicos\/instalacoes-fotovoltaicas-2\/\" \/>\n<meta property=\"og:locale\" content=\"pt_PT\" \/>\n<meta property=\"og:type\" content=\"article\" \/>\n<meta property=\"og:title\" content=\"Instala\u00e7\u00f5es fotovoltaicas - Aclima Soluciones\" \/>\n<meta property=\"og:description\" content=\"Gerar energia limpa e sustent\u00e1vel com as nossas instala\u00e7\u00f5es fotovoltaicas. Transforme a luz solar em eletricidade de uma forma eficiente e ecol\u00f3gica.\" \/>\n<meta property=\"og:url\" content=\"https:\/\/www.aclimasoluciones.es\/pt-pt\/servicos\/instalacoes-fotovoltaicas-2\/\" \/>\n<meta property=\"og:site_name\" content=\"Aclima Soluciones\" \/>\n<meta property=\"article:publisher\" content=\"https:\/\/www.facebook.com\/profile.php?id=100094999684175\" \/>\n<meta property=\"article:modified_time\" content=\"2025-01-22T20:11:02+00:00\" \/>\n<meta property=\"og:image\" content=\"https:\/\/www.aclimasoluciones.es\/wp-content\/uploads\/2023\/11\/servicios-instalaciones-fotovoltaicas.jpg\" \/>\n\t<meta property=\"og:image:width\" content=\"2560\" \/>\n\t<meta property=\"og:image:height\" content=\"841\" \/>\n\t<meta property=\"og:image:type\" content=\"image\/jpeg\" \/>\n<meta name=\"twitter:card\" content=\"summary_large_image\" \/>\n<meta name=\"twitter:label1\" content=\"Tempo estimado de leitura\" \/>\n\t<meta name=\"twitter:data1\" content=\"3 minutos\" \/>\n<script type=\"application\/ld+json\" class=\"yoast-schema-graph\">{\"@context\":\"https:\/\/schema.org\",\"@graph\":[{\"@type\":\"WebPage\",\"@id\":\"https:\/\/www.aclimasoluciones.es\/pt-pt\/servicos\/instalacoes-fotovoltaicas-2\/\",\"url\":\"https:\/\/www.aclimasoluciones.es\/pt-pt\/servicos\/instalacoes-fotovoltaicas-2\/\",\"name\":\"Instala\u00e7\u00f5es fotovoltaicas - Aclima Soluciones\",\"isPartOf\":{\"@id\":\"https:\/\/www.aclimasoluciones.es\/pt-pt\/#website\"},\"primaryImageOfPage\":{\"@id\":\"https:\/\/www.aclimasoluciones.es\/pt-pt\/servicos\/instalacoes-fotovoltaicas-2\/#primaryimage\"},\"image\":{\"@id\":\"https:\/\/www.aclimasoluciones.es\/pt-pt\/servicos\/instalacoes-fotovoltaicas-2\/#primaryimage\"},\"thumbnailUrl\":\"https:\/\/www.aclimasoluciones.es\/wp-content\/uploads\/2023\/11\/servicios-instalaciones-fotovoltaicas.jpg\",\"datePublished\":\"2025-01-22T20:11:01+00:00\",\"dateModified\":\"2025-01-22T20:11:02+00:00\",\"description\":\"Gerar energia limpa e sustent\u00e1vel com as nossas instala\u00e7\u00f5es fotovoltaicas. Transforme a luz solar em eletricidade de uma forma eficiente e ecol\u00f3gica.\",\"breadcrumb\":{\"@id\":\"https:\/\/www.aclimasoluciones.es\/pt-pt\/servicos\/instalacoes-fotovoltaicas-2\/#breadcrumb\"},\"inLanguage\":\"pt-PT\",\"potentialAction\":[{\"@type\":\"ReadAction\",\"target\":[\"https:\/\/www.aclimasoluciones.es\/pt-pt\/servicos\/instalacoes-fotovoltaicas-2\/\"]}]},{\"@type\":\"ImageObject\",\"inLanguage\":\"pt-PT\",\"@id\":\"https:\/\/www.aclimasoluciones.es\/pt-pt\/servicos\/instalacoes-fotovoltaicas-2\/#primaryimage\",\"url\":\"https:\/\/www.aclimasoluciones.es\/wp-content\/uploads\/2023\/11\/servicios-instalaciones-fotovoltaicas.jpg\",\"contentUrl\":\"https:\/\/www.aclimasoluciones.es\/wp-content\/uploads\/2023\/11\/servicios-instalaciones-fotovoltaicas.jpg\",\"width\":2560,\"height\":841},{\"@type\":\"BreadcrumbList\",\"@id\":\"https:\/\/www.aclimasoluciones.es\/pt-pt\/servicos\/instalacoes-fotovoltaicas-2\/#breadcrumb\",\"itemListElement\":[{\"@type\":\"ListItem\",\"position\":1,\"name\":\"Portada\",\"item\":\"https:\/\/www.aclimasoluciones.es\/pt-pt\/\"},{\"@type\":\"ListItem\",\"position\":2,\"name\":\"Servi\u00e7os\",\"item\":\"https:\/\/www.aclimasoluciones.es\/pt-pt\/servicos\/\"},{\"@type\":\"ListItem\",\"position\":3,\"name\":\"Instala\u00e7\u00f5es fotovoltaicas\"}]},{\"@type\":\"WebSite\",\"@id\":\"https:\/\/www.aclimasoluciones.es\/pt-pt\/#website\",\"url\":\"https:\/\/www.aclimasoluciones.es\/pt-pt\/\",\"name\":\"Aclima Soluciones\",\"description\":\"Servicios de electricidad, climatizaci\u00f3n y reparaciones\",\"publisher\":{\"@id\":\"https:\/\/www.aclimasoluciones.es\/pt-pt\/#organization\"},\"potentialAction\":[{\"@type\":\"SearchAction\",\"target\":{\"@type\":\"EntryPoint\",\"urlTemplate\":\"https:\/\/www.aclimasoluciones.es\/pt-pt\/?s={search_term_string}\"},\"query-input\":{\"@type\":\"PropertyValueSpecification\",\"valueRequired\":true,\"valueName\":\"search_term_string\"}}],\"inLanguage\":\"pt-PT\"},{\"@type\":\"Organization\",\"@id\":\"https:\/\/www.aclimasoluciones.es\/pt-pt\/#organization\",\"name\":\"Aclima Soluciones\",\"url\":\"https:\/\/www.aclimasoluciones.es\/pt-pt\/\",\"logo\":{\"@type\":\"ImageObject\",\"inLanguage\":\"pt-PT\",\"@id\":\"https:\/\/www.aclimasoluciones.es\/pt-pt\/#\/schema\/logo\/image\/\",\"url\":\"https:\/\/www.aclimasoluciones.es\/wp-content\/uploads\/2024\/11\/aclima-head-logo-web.webp\",\"contentUrl\":\"https:\/\/www.aclimasoluciones.es\/wp-content\/uploads\/2024\/11\/aclima-head-logo-web.webp\",\"width\":243,\"height\":105,\"caption\":\"Aclima Soluciones\"},\"image\":{\"@id\":\"https:\/\/www.aclimasoluciones.es\/pt-pt\/#\/schema\/logo\/image\/\"},\"sameAs\":[\"https:\/\/www.facebook.com\/profile.php?id=100094999684175\",\"https:\/\/www.instagram.com\/aclimasoluciones\/\"]}]}<\/script>\n<!-- \/ Yoast SEO plugin. -->","yoast_head_json":{"title":"Instala\u00e7\u00f5es fotovoltaicas - Aclima Soluciones","description":"Gerar energia limpa e sustent\u00e1vel com as nossas instala\u00e7\u00f5es fotovoltaicas. Transforme a luz solar em eletricidade de uma forma eficiente e ecol\u00f3gica.","robots":{"index":"index","follow":"follow","max-snippet":"max-snippet:-1","max-image-preview":"max-image-preview:large","max-video-preview":"max-video-preview:-1"},"canonical":"https:\/\/www.aclimasoluciones.es\/pt-pt\/servicos\/instalacoes-fotovoltaicas-2\/","og_locale":"pt_PT","og_type":"article","og_title":"Instala\u00e7\u00f5es fotovoltaicas - Aclima Soluciones","og_description":"Gerar energia limpa e sustent\u00e1vel com as nossas instala\u00e7\u00f5es fotovoltaicas. Transforme a luz solar em eletricidade de uma forma eficiente e ecol\u00f3gica.","og_url":"https:\/\/www.aclimasoluciones.es\/pt-pt\/servicos\/instalacoes-fotovoltaicas-2\/","og_site_name":"Aclima Soluciones","article_publisher":"https:\/\/www.facebook.com\/profile.php?id=100094999684175","article_modified_time":"2025-01-22T20:11:02+00:00","og_image":[{"width":2560,"height":841,"url":"https:\/\/www.aclimasoluciones.es\/wp-content\/uploads\/2023\/11\/servicios-instalaciones-fotovoltaicas.jpg","type":"image\/jpeg"}],"twitter_card":"summary_large_image","twitter_misc":{"Tempo estimado de leitura":"3 minutos"},"schema":{"@context":"https:\/\/schema.org","@graph":[{"@type":"WebPage","@id":"https:\/\/www.aclimasoluciones.es\/pt-pt\/servicos\/instalacoes-fotovoltaicas-2\/","url":"https:\/\/www.aclimasoluciones.es\/pt-pt\/servicos\/instalacoes-fotovoltaicas-2\/","name":"Instala\u00e7\u00f5es fotovoltaicas - Aclima Soluciones","isPartOf":{"@id":"https:\/\/www.aclimasoluciones.es\/pt-pt\/#website"},"primaryImageOfPage":{"@id":"https:\/\/www.aclimasoluciones.es\/pt-pt\/servicos\/instalacoes-fotovoltaicas-2\/#primaryimage"},"image":{"@id":"https:\/\/www.aclimasoluciones.es\/pt-pt\/servicos\/instalacoes-fotovoltaicas-2\/#primaryimage"},"thumbnailUrl":"https:\/\/www.aclimasoluciones.es\/wp-content\/uploads\/2023\/11\/servicios-instalaciones-fotovoltaicas.jpg","datePublished":"2025-01-22T20:11:01+00:00","dateModified":"2025-01-22T20:11:02+00:00","description":"Gerar energia limpa e sustent\u00e1vel com as nossas instala\u00e7\u00f5es fotovoltaicas. Transforme a luz solar em eletricidade de uma forma eficiente e ecol\u00f3gica.","breadcrumb":{"@id":"https:\/\/www.aclimasoluciones.es\/pt-pt\/servicos\/instalacoes-fotovoltaicas-2\/#breadcrumb"},"inLanguage":"pt-PT","potentialAction":[{"@type":"ReadAction","target":["https:\/\/www.aclimasoluciones.es\/pt-pt\/servicos\/instalacoes-fotovoltaicas-2\/"]}]},{"@type":"ImageObject","inLanguage":"pt-PT","@id":"https:\/\/www.aclimasoluciones.es\/pt-pt\/servicos\/instalacoes-fotovoltaicas-2\/#primaryimage","url":"https:\/\/www.aclimasoluciones.es\/wp-content\/uploads\/2023\/11\/servicios-instalaciones-fotovoltaicas.jpg","contentUrl":"https:\/\/www.aclimasoluciones.es\/wp-content\/uploads\/2023\/11\/servicios-instalaciones-fotovoltaicas.jpg","width":2560,"height":841},{"@type":"BreadcrumbList","@id":"https:\/\/www.aclimasoluciones.es\/pt-pt\/servicos\/instalacoes-fotovoltaicas-2\/#breadcrumb","itemListElement":[{"@type":"ListItem","position":1,"name":"Portada","item":"https:\/\/www.aclimasoluciones.es\/pt-pt\/"},{"@type":"ListItem","position":2,"name":"Servi\u00e7os","item":"https:\/\/www.aclimasoluciones.es\/pt-pt\/servicos\/"},{"@type":"ListItem","position":3,"name":"Instala\u00e7\u00f5es fotovoltaicas"}]},{"@type":"WebSite","@id":"https:\/\/www.aclimasoluciones.es\/pt-pt\/#website","url":"https:\/\/www.aclimasoluciones.es\/pt-pt\/","name":"Aclima Soluciones","description":"Servicios de electricidad, climatizaci\u00f3n y reparaciones","publisher":{"@id":"https:\/\/www.aclimasoluciones.es\/pt-pt\/#organization"},"potentialAction":[{"@type":"SearchAction","target":{"@type":"EntryPoint","urlTemplate":"https:\/\/www.aclimasoluciones.es\/pt-pt\/?s={search_term_string}"},"query-input":{"@type":"PropertyValueSpecification","valueRequired":true,"valueName":"search_term_string"}}],"inLanguage":"pt-PT"},{"@type":"Organization","@id":"https:\/\/www.aclimasoluciones.es\/pt-pt\/#organization","name":"Aclima Soluciones","url":"https:\/\/www.aclimasoluciones.es\/pt-pt\/","logo":{"@type":"ImageObject","inLanguage":"pt-PT","@id":"https:\/\/www.aclimasoluciones.es\/pt-pt\/#\/schema\/logo\/image\/","url":"https:\/\/www.aclimasoluciones.es\/wp-content\/uploads\/2024\/11\/aclima-head-logo-web.webp","contentUrl":"https:\/\/www.aclimasoluciones.es\/wp-content\/uploads\/2024\/11\/aclima-head-logo-web.webp","width":243,"height":105,"caption":"Aclima Soluciones"},"image":{"@id":"https:\/\/www.aclimasoluciones.es\/pt-pt\/#\/schema\/logo\/image\/"},"sameAs":["https:\/\/www.facebook.com\/profile.php?id=100094999684175","https:\/\/www.instagram.com\/aclimasoluciones\/"]}]}},"_links":{"self":[{"href":"https:\/\/www.aclimasoluciones.es\/pt-pt\/wp-json\/wp\/v2\/pages\/3231","targetHints":{"allow":["GET"]}}],"collection":[{"href":"https:\/\/www.aclimasoluciones.es\/pt-pt\/wp-json\/wp\/v2\/pages"}],"about":[{"href":"https:\/\/www.aclimasoluciones.es\/pt-pt\/wp-json\/wp\/v2\/types\/page"}],"author":[{"embeddable":true,"href":"https:\/\/www.aclimasoluciones.es\/pt-pt\/wp-json\/wp\/v2\/users\/2"}],"replies":[{"embeddable":true,"href":"https:\/\/www.aclimasoluciones.es\/pt-pt\/wp-json\/wp\/v2\/comments?post=3231"}],"version-history":[{"count":1,"href":"https:\/\/www.aclimasoluciones.es\/pt-pt\/wp-json\/wp\/v2\/pages\/3231\/revisions"}],"predecessor-version":[{"id":3253,"href":"https:\/\/www.aclimasoluciones.es\/pt-pt\/wp-json\/wp\/v2\/pages\/3231\/revisions\/3253"}],"up":[{"embeddable":true,"href":"https:\/\/www.aclimasoluciones.es\/pt-pt\/wp-json\/wp\/v2\/pages\/1759"}],"wp:featuredmedia":[{"embeddable":true,"href":"https:\/\/www.aclimasoluciones.es\/pt-pt\/wp-json\/wp\/v2\/media\/1549"}],"wp:attachment":[{"href":"https:\/\/www.aclimasoluciones.es\/pt-pt\/wp-json\/wp\/v2\/media?parent=3231"}],"curies":[{"name":"wp","href":"https:\/\/api.w.org\/{rel}","templated":true}]}}