{"id":1021,"date":"2023-11-15T20:09:36","date_gmt":"2023-11-15T19:09:36","guid":{"rendered":"https:\/\/aclimasoluciones.es\/?post_type=product&#038;p=1021"},"modified":"2024-01-04T12:27:50","modified_gmt":"2024-01-04T11:27:50","slug":"metlor-cpc-18","status":"publish","type":"product","link":"https:\/\/www.aclimasoluciones.es\/pt-pt\/tienda\/climatizacion\/calderas-de-pellet\/metlor-cpc-18\/","title":{"rendered":"Caldera Metlor CPC 18"},"content":{"rendered":"<p>La Caldera a pellets CPC18 est\u00e1 indicada para funcionar en circuitos de calefacci\u00f3n y ACS. Destaca su bajo consmo y su alto rendimiento al 94,3%.<\/p>\n<p>Est\u00e1 construida en chapa de acero carbono con espesor de 5mm en la c\u00e1mara de combusti\u00f3n. Incluyen control electr\u00f3nico con panel digital y teclado muy intuitivos. Encendido autom\u00e1tico.<br \/>\nReloj crono para funcionamiento programado. Mensajes de alarma con c\u00f3digo de error para supervisi\u00f3n.<br \/>\nControl autom\u00e1tico de combusti\u00f3n en funci\u00f3n de la temperatura ambiente y temperatura deseada.<\/p>\n<p>&nbsp;<\/p>\n<table class=\"tg\">\n<thead>\n<tr>\n<th class=\"tg-l6fp\">Potencia Nominal<\/th>\n<th class=\"tg-bg2l\">19kW<\/th>\n<\/tr>\n<\/thead>\n<tbody>\n<tr>\n<td class=\"tg-l6fp\">Rendimiento<\/td>\n<td class=\"tg-bg2l\">94,3%<\/td>\n<\/tr>\n<tr>\n<td class=\"tg-l6fp\">Potencia entregada al agua<\/td>\n<td class=\"tg-bg2l\">18kW<\/td>\n<\/tr>\n<tr>\n<td class=\"tg-l6fp\">Vol\u00famen de la caldera<\/td>\n<td class=\"tg-bg2l\">41L<\/td>\n<\/tr>\n<tr>\n<td class=\"tg-l6fp\">Press\u00e3o de Trabalho<\/td>\n<td class=\"tg-bg2l\">05,-2,0bar<\/td>\n<\/tr>\n<tr>\n<td class=\"tg-l6fp\">CO(%) (13% O2)<\/td>\n<td class=\"tg-bg2l\">0,018<\/td>\n<\/tr>\n<tr>\n<td class=\"tg-l6fp\">NOx | COV | Part\u00edculas<\/td>\n<td class=\"tg-bg2l\">115 | 6 | 10mg\/m3<\/td>\n<\/tr>\n<tr>\n<td class=\"tg-l6fp\">Capacidad dep\u00f3sito Pellets<\/td>\n<td class=\"tg-bg2l\">30Kg<\/td>\n<\/tr>\n<tr>\n<td class=\"tg-l6fp\">Consumo de Pellets (Min-Max)<\/td>\n<td class=\"tg-bg2l\">1~3,8Kg\/h<\/td>\n<\/tr>\n<tr>\n<td class=\"tg-l6fp\">Salida de Humos<\/td>\n<td class=\"tg-bg2l\">\u00d8 80m<\/td>\n<\/tr>\n<tr>\n<td class=\"tg-l6fp\">Peso<\/td>\n<td class=\"tg-bg2l\">175Kg<\/td>\n<\/tr>\n<tr>\n<td class=\"tg-i91a\">Dimensiones (AxAxF)<\/td>\n<td class=\"tg-gaoc\">960x581x608mm<\/td>\n<\/tr>\n<\/tbody>\n<\/table>\n","protected":false},"excerpt":{"rendered":"<p>La Caldera a pellets CPC18 est\u00e1 indicada para funcionar en circuitos de calefacci\u00f3n y ACS. Destaca su bajo consumo y su alto rendimiento al 94,3%.<\/p>\n","protected":false},"featured_media":1022,"comment_status":"open","ping_status":"closed","template":"","meta":[],"product_brand":[],"product_cat":[34],"product_tag":[36,41,35],"class_list":{"0":"post-1021","1":"product","2":"type-product","3":"status-publish","4":"has-post-thumbnail","6":"product_cat-calderas-de-pellet","7":"product_tag-caldera-pellet","8":"product_tag-calderas","9":"product_tag-metlor","11":"first","12":"instock","13":"shipping-taxable","14":"purchasable","15":"product-type-simple"},"yoast_head":"<!-- This site is optimized with the Yoast SEO plugin v25.7 - https:\/\/yoast.com\/wordpress\/plugins\/seo\/ -->\n<title>Caldera Metlor CPC 18 - Aclima Soluciones<\/title>\n<meta name=\"description\" content=\"La Caldera a pellets CPC18 est\u00e1 indicada para funcionar en circuitos de calefacci\u00f3n y ACS. Destaca su bajo consumo y su alto rendimiento al 94,3%.\" \/>\n<meta name=\"robots\" content=\"index, follow, max-snippet:-1, max-image-preview:large, max-video-preview:-1\" \/>\n<link rel=\"canonical\" href=\"https:\/\/www.aclimasoluciones.es\/pt-pt\/tienda\/climatizacion\/calderas-de-pellet\/metlor-cpc-18\/\" \/>\n<meta property=\"og:locale\" content=\"pt_PT\" \/>\n<meta property=\"og:type\" content=\"article\" \/>\n<meta property=\"og:title\" content=\"Caldera Metlor CPC 18 - Aclima Soluciones\" \/>\n<meta property=\"og:description\" content=\"La Caldera a pellets CPC18 est\u00e1 indicada para funcionar en circuitos de calefacci\u00f3n y ACS. Destaca su bajo consumo y su alto rendimiento al 94,3%.\" \/>\n<meta property=\"og:url\" content=\"https:\/\/www.aclimasoluciones.es\/pt-pt\/tienda\/climatizacion\/calderas-de-pellet\/metlor-cpc-18\/\" \/>\n<meta property=\"og:site_name\" content=\"Aclima Soluciones\" \/>\n<meta property=\"article:publisher\" content=\"https:\/\/www.facebook.com\/profile.php?id=100094999684175\" \/>\n<meta property=\"article:modified_time\" content=\"2024-01-04T11:27:50+00:00\" \/>\n<meta property=\"og:image\" content=\"https:\/\/www.aclimasoluciones.es\/wp-content\/uploads\/2023\/11\/CPC-18-00.png\" \/>\n\t<meta property=\"og:image:width\" content=\"1000\" \/>\n\t<meta property=\"og:image:height\" content=\"1300\" \/>\n\t<meta property=\"og:image:type\" content=\"image\/png\" \/>\n<meta name=\"twitter:card\" content=\"summary_large_image\" \/>\n<meta name=\"twitter:label1\" content=\"Tempo estimado de leitura\" \/>\n\t<meta name=\"twitter:data1\" content=\"1 minuto\" \/>\n<script type=\"application\/ld+json\" class=\"yoast-schema-graph\">{\"@context\":\"https:\/\/schema.org\",\"@graph\":[{\"@type\":\"WebPage\",\"@id\":\"https:\/\/www.aclimasoluciones.es\/pt-pt\/tienda\/climatizacion\/calderas-de-pellet\/metlor-cpc-18\/\",\"url\":\"https:\/\/www.aclimasoluciones.es\/pt-pt\/tienda\/climatizacion\/calderas-de-pellet\/metlor-cpc-18\/\",\"name\":\"Caldera Metlor CPC 18 - Aclima Soluciones\",\"isPartOf\":{\"@id\":\"https:\/\/www.aclimasoluciones.es\/pt-pt\/#website\"},\"primaryImageOfPage\":{\"@id\":\"https:\/\/www.aclimasoluciones.es\/pt-pt\/tienda\/climatizacion\/calderas-de-pellet\/metlor-cpc-18\/#primaryimage\"},\"image\":{\"@id\":\"https:\/\/www.aclimasoluciones.es\/pt-pt\/tienda\/climatizacion\/calderas-de-pellet\/metlor-cpc-18\/#primaryimage\"},\"thumbnailUrl\":\"https:\/\/www.aclimasoluciones.es\/wp-content\/uploads\/2023\/11\/CPC-18-00.png\",\"datePublished\":\"2023-11-15T19:09:36+00:00\",\"dateModified\":\"2024-01-04T11:27:50+00:00\",\"description\":\"La Caldera a pellets CPC18 est\u00e1 indicada para funcionar en circuitos de calefacci\u00f3n y ACS. Destaca su bajo consumo y su alto rendimiento al 94,3%.\",\"breadcrumb\":{\"@id\":\"https:\/\/www.aclimasoluciones.es\/pt-pt\/tienda\/climatizacion\/calderas-de-pellet\/metlor-cpc-18\/#breadcrumb\"},\"inLanguage\":\"pt-PT\",\"potentialAction\":[{\"@type\":\"ReadAction\",\"target\":[\"https:\/\/www.aclimasoluciones.es\/pt-pt\/tienda\/climatizacion\/calderas-de-pellet\/metlor-cpc-18\/\"]}]},{\"@type\":\"ImageObject\",\"inLanguage\":\"pt-PT\",\"@id\":\"https:\/\/www.aclimasoluciones.es\/pt-pt\/tienda\/climatizacion\/calderas-de-pellet\/metlor-cpc-18\/#primaryimage\",\"url\":\"https:\/\/www.aclimasoluciones.es\/wp-content\/uploads\/2023\/11\/CPC-18-00.png\",\"contentUrl\":\"https:\/\/www.aclimasoluciones.es\/wp-content\/uploads\/2023\/11\/CPC-18-00.png\",\"width\":1000,\"height\":1300,\"caption\":\"Caldera Metlor CPC 18\"},{\"@type\":\"BreadcrumbList\",\"@id\":\"https:\/\/www.aclimasoluciones.es\/pt-pt\/tienda\/climatizacion\/calderas-de-pellet\/metlor-cpc-18\/#breadcrumb\",\"itemListElement\":[{\"@type\":\"ListItem\",\"position\":1,\"name\":\"Portada\",\"item\":\"https:\/\/www.aclimasoluciones.es\/pt-pt\/\"},{\"@type\":\"ListItem\",\"position\":2,\"name\":\"Shop\",\"item\":\"https:\/\/www.aclimasoluciones.es\/pt-pt\/shop\/\"},{\"@type\":\"ListItem\",\"position\":3,\"name\":\"Caldera Metlor CPC 18\"}]},{\"@type\":\"WebSite\",\"@id\":\"https:\/\/www.aclimasoluciones.es\/pt-pt\/#website\",\"url\":\"https:\/\/www.aclimasoluciones.es\/pt-pt\/\",\"name\":\"Aclima Soluciones\",\"description\":\"Servicios de electricidad, climatizaci\u00f3n y reparaciones\",\"publisher\":{\"@id\":\"https:\/\/www.aclimasoluciones.es\/pt-pt\/#organization\"},\"potentialAction\":[{\"@type\":\"SearchAction\",\"target\":{\"@type\":\"EntryPoint\",\"urlTemplate\":\"https:\/\/www.aclimasoluciones.es\/pt-pt\/?s={search_term_string}\"},\"query-input\":{\"@type\":\"PropertyValueSpecification\",\"valueRequired\":true,\"valueName\":\"search_term_string\"}}],\"inLanguage\":\"pt-PT\"},{\"@type\":\"Organization\",\"@id\":\"https:\/\/www.aclimasoluciones.es\/pt-pt\/#organization\",\"name\":\"Aclima Soluciones\",\"url\":\"https:\/\/www.aclimasoluciones.es\/pt-pt\/\",\"logo\":{\"@type\":\"ImageObject\",\"inLanguage\":\"pt-PT\",\"@id\":\"https:\/\/www.aclimasoluciones.es\/pt-pt\/#\/schema\/logo\/image\/\",\"url\":\"https:\/\/www.aclimasoluciones.es\/wp-content\/uploads\/2024\/11\/aclima-head-logo-web.webp\",\"contentUrl\":\"https:\/\/www.aclimasoluciones.es\/wp-content\/uploads\/2024\/11\/aclima-head-logo-web.webp\",\"width\":243,\"height\":105,\"caption\":\"Aclima Soluciones\"},\"image\":{\"@id\":\"https:\/\/www.aclimasoluciones.es\/pt-pt\/#\/schema\/logo\/image\/\"},\"sameAs\":[\"https:\/\/www.facebook.com\/profile.php?id=100094999684175\",\"https:\/\/www.instagram.com\/aclimasoluciones\/\"]}]}<\/script>\n<!-- \/ Yoast SEO plugin. -->","yoast_head_json":{"title":"Caldera Metlor CPC 18 - Aclima Soluciones","description":"La Caldera a pellets CPC18 est\u00e1 indicada para funcionar en circuitos de calefacci\u00f3n y ACS. Destaca su bajo consumo y su alto rendimiento al 94,3%.","robots":{"index":"index","follow":"follow","max-snippet":"max-snippet:-1","max-image-preview":"max-image-preview:large","max-video-preview":"max-video-preview:-1"},"canonical":"https:\/\/www.aclimasoluciones.es\/pt-pt\/tienda\/climatizacion\/calderas-de-pellet\/metlor-cpc-18\/","og_locale":"pt_PT","og_type":"article","og_title":"Caldera Metlor CPC 18 - Aclima Soluciones","og_description":"La Caldera a pellets CPC18 est\u00e1 indicada para funcionar en circuitos de calefacci\u00f3n y ACS. Destaca su bajo consumo y su alto rendimiento al 94,3%.","og_url":"https:\/\/www.aclimasoluciones.es\/pt-pt\/tienda\/climatizacion\/calderas-de-pellet\/metlor-cpc-18\/","og_site_name":"Aclima Soluciones","article_publisher":"https:\/\/www.facebook.com\/profile.php?id=100094999684175","article_modified_time":"2024-01-04T11:27:50+00:00","og_image":[{"width":1000,"height":1300,"url":"https:\/\/www.aclimasoluciones.es\/wp-content\/uploads\/2023\/11\/CPC-18-00.png","type":"image\/png"}],"twitter_card":"summary_large_image","twitter_misc":{"Tempo estimado de leitura":"1 minuto"},"schema":{"@context":"https:\/\/schema.org","@graph":[{"@type":"WebPage","@id":"https:\/\/www.aclimasoluciones.es\/pt-pt\/tienda\/climatizacion\/calderas-de-pellet\/metlor-cpc-18\/","url":"https:\/\/www.aclimasoluciones.es\/pt-pt\/tienda\/climatizacion\/calderas-de-pellet\/metlor-cpc-18\/","name":"Caldera Metlor CPC 18 - Aclima Soluciones","isPartOf":{"@id":"https:\/\/www.aclimasoluciones.es\/pt-pt\/#website"},"primaryImageOfPage":{"@id":"https:\/\/www.aclimasoluciones.es\/pt-pt\/tienda\/climatizacion\/calderas-de-pellet\/metlor-cpc-18\/#primaryimage"},"image":{"@id":"https:\/\/www.aclimasoluciones.es\/pt-pt\/tienda\/climatizacion\/calderas-de-pellet\/metlor-cpc-18\/#primaryimage"},"thumbnailUrl":"https:\/\/www.aclimasoluciones.es\/wp-content\/uploads\/2023\/11\/CPC-18-00.png","datePublished":"2023-11-15T19:09:36+00:00","dateModified":"2024-01-04T11:27:50+00:00","description":"La Caldera a pellets CPC18 est\u00e1 indicada para funcionar en circuitos de calefacci\u00f3n y ACS. Destaca su bajo consumo y su alto rendimiento al 94,3%.","breadcrumb":{"@id":"https:\/\/www.aclimasoluciones.es\/pt-pt\/tienda\/climatizacion\/calderas-de-pellet\/metlor-cpc-18\/#breadcrumb"},"inLanguage":"pt-PT","potentialAction":[{"@type":"ReadAction","target":["https:\/\/www.aclimasoluciones.es\/pt-pt\/tienda\/climatizacion\/calderas-de-pellet\/metlor-cpc-18\/"]}]},{"@type":"ImageObject","inLanguage":"pt-PT","@id":"https:\/\/www.aclimasoluciones.es\/pt-pt\/tienda\/climatizacion\/calderas-de-pellet\/metlor-cpc-18\/#primaryimage","url":"https:\/\/www.aclimasoluciones.es\/wp-content\/uploads\/2023\/11\/CPC-18-00.png","contentUrl":"https:\/\/www.aclimasoluciones.es\/wp-content\/uploads\/2023\/11\/CPC-18-00.png","width":1000,"height":1300,"caption":"Caldera Metlor CPC 18"},{"@type":"BreadcrumbList","@id":"https:\/\/www.aclimasoluciones.es\/pt-pt\/tienda\/climatizacion\/calderas-de-pellet\/metlor-cpc-18\/#breadcrumb","itemListElement":[{"@type":"ListItem","position":1,"name":"Portada","item":"https:\/\/www.aclimasoluciones.es\/pt-pt\/"},{"@type":"ListItem","position":2,"name":"Shop","item":"https:\/\/www.aclimasoluciones.es\/pt-pt\/shop\/"},{"@type":"ListItem","position":3,"name":"Caldera Metlor CPC 18"}]},{"@type":"WebSite","@id":"https:\/\/www.aclimasoluciones.es\/pt-pt\/#website","url":"https:\/\/www.aclimasoluciones.es\/pt-pt\/","name":"Aclima Soluciones","description":"Servicios de electricidad, climatizaci\u00f3n y reparaciones","publisher":{"@id":"https:\/\/www.aclimasoluciones.es\/pt-pt\/#organization"},"potentialAction":[{"@type":"SearchAction","target":{"@type":"EntryPoint","urlTemplate":"https:\/\/www.aclimasoluciones.es\/pt-pt\/?s={search_term_string}"},"query-input":{"@type":"PropertyValueSpecification","valueRequired":true,"valueName":"search_term_string"}}],"inLanguage":"pt-PT"},{"@type":"Organization","@id":"https:\/\/www.aclimasoluciones.es\/pt-pt\/#organization","name":"Aclima Soluciones","url":"https:\/\/www.aclimasoluciones.es\/pt-pt\/","logo":{"@type":"ImageObject","inLanguage":"pt-PT","@id":"https:\/\/www.aclimasoluciones.es\/pt-pt\/#\/schema\/logo\/image\/","url":"https:\/\/www.aclimasoluciones.es\/wp-content\/uploads\/2024\/11\/aclima-head-logo-web.webp","contentUrl":"https:\/\/www.aclimasoluciones.es\/wp-content\/uploads\/2024\/11\/aclima-head-logo-web.webp","width":243,"height":105,"caption":"Aclima Soluciones"},"image":{"@id":"https:\/\/www.aclimasoluciones.es\/pt-pt\/#\/schema\/logo\/image\/"},"sameAs":["https:\/\/www.facebook.com\/profile.php?id=100094999684175","https:\/\/www.instagram.com\/aclimasoluciones\/"]}]}},"_links":{"self":[{"href":"https:\/\/www.aclimasoluciones.es\/pt-pt\/wp-json\/wp\/v2\/product\/1021","targetHints":{"allow":["GET"]}}],"collection":[{"href":"https:\/\/www.aclimasoluciones.es\/pt-pt\/wp-json\/wp\/v2\/product"}],"about":[{"href":"https:\/\/www.aclimasoluciones.es\/pt-pt\/wp-json\/wp\/v2\/types\/product"}],"replies":[{"embeddable":true,"href":"https:\/\/www.aclimasoluciones.es\/pt-pt\/wp-json\/wp\/v2\/comments?post=1021"}],"wp:featuredmedia":[{"embeddable":true,"href":"https:\/\/www.aclimasoluciones.es\/pt-pt\/wp-json\/wp\/v2\/media\/1022"}],"wp:attachment":[{"href":"https:\/\/www.aclimasoluciones.es\/pt-pt\/wp-json\/wp\/v2\/media?parent=1021"}],"wp:term":[{"taxonomy":"product_brand","embeddable":true,"href":"https:\/\/www.aclimasoluciones.es\/pt-pt\/wp-json\/wp\/v2\/product_brand?post=1021"},{"taxonomy":"product_cat","embeddable":true,"href":"https:\/\/www.aclimasoluciones.es\/pt-pt\/wp-json\/wp\/v2\/product_cat?post=1021"},{"taxonomy":"product_tag","embeddable":true,"href":"https:\/\/www.aclimasoluciones.es\/pt-pt\/wp-json\/wp\/v2\/product_tag?post=1021"}],"curies":[{"name":"wp","href":"https:\/\/api.w.org\/{rel}","templated":true}]}}