{"id":1339,"date":"2024-04-20T15:02:15","date_gmt":"2024-04-20T13:02:15","guid":{"rendered":"https:\/\/aclimasoluciones.es\/tienda\/sin%20categor\u00eda\/adriana-6\/"},"modified":"2024-04-21T20:12:15","modified_gmt":"2024-04-21T18:12:15","slug":"adriana-6","status":"publish","type":"product","link":"https:\/\/www.aclimasoluciones.es\/pt-pt\/tienda\/climatizacion\/estufa-pellets\/adriana-6\/","title":{"rendered":"ADRIANA 6"},"content":{"rendered":"<div>Estufa de pellets Adriana 6 de la marca Metlor es muy pr\u00e1ctica y f\u00e1cil de usar, tem una potencia nominal de 8,5kW<\/div>\n<div><\/div>\n<div><strong>CARACTER\u00cdSTICAS DEL ESTUFA DE PELLETS ADRIANA 6 <\/strong><\/div>\n<div>Potencia nominal (kW): 6,5 Eficiencia (%): 86 CO(%) (13% O2): 0,015 NOx | COV | Part\u00edculas: 95 | 7 | 19 mg\/m3 \u00c1rea de calefacci\u00f3n: 155 m3 Salida de Humo: \u00d8 80 mm Peso (Kg): 75 Dimensiones (altura x anchura x profundidad): 875 x 452 x 570 mm<\/div>\n<div><\/div>\n<div><strong>PRINCIPALES VENTAJAS DEL ESTUFA DE PELLETS ADRIANA 6<\/strong><\/div>\n<div>Est\u00e1 constituido en chapa de acero al carbono, con un espesor en la c\u00e1mara de combusti\u00f3n de 5 mm. Incluye control electr\u00f3nico con panel digital y teclado intuitivo, ignici\u00f3n autom\u00e1tica, reloj para funcionamiento autom\u00e1tico, supervisi\u00f3n del equipo el\u00e9ctrico con mensajes de alarma por c\u00f3digo de error, control autom\u00e1tico de la combusti\u00f3n en funci\u00f3n de la temperatura ambiente y temperatura deseada.<\/div>\n<div><\/div>\n<div class=\"hvfiEe\"><\/div>\n<div class=\"a8Werf mN76KD\">\n<div class=\"l9yKFF\"><strong>Caracter\u00edsticas<\/strong><\/div>\n<div><\/div>\n<\/div>\n<table class=\"tg\">\n<thead>\n<tr>\n<th class=\"tg-l6fp\">Potencia Nominal<\/th>\n<th class=\"tg-bg2l\">6,5kW<\/th>\n<\/tr>\n<\/thead>\n<tbody>\n<tr>\n<td class=\"tg-l6fp\">Rendimiento<\/td>\n<td class=\"tg-bg2l\">86%<\/td>\n<\/tr>\n<tr>\n<td class=\"tg-l6fp\">\u00c1rea de calefacci\u00f3n<\/td>\n<td class=\"tg-bg2l\">155m3<\/td>\n<\/tr>\n<tr>\n<td class=\"tg-l6fp\">NOx | COV | Part\u00edculas<\/td>\n<td class=\"tg-bg2l\">95 | 7 | 19mg\/m3<\/td>\n<\/tr>\n<tr>\n<td class=\"tg-l6fp\">Emisiones de CO (13% O2)<\/td>\n<td class=\"tg-bg2l\">0,015<\/td>\n<\/tr>\n<tr>\n<td class=\"tg-l6fp\">Consumo de Pellets (Min-Max)<\/td>\n<td class=\"tg-bg2l\">1,01~1,56Kg\/h<\/td>\n<\/tr>\n<tr>\n<td class=\"tg-l6fp\">Capacidad dep\u00f3sito Pellets<\/td>\n<td class=\"tg-bg2l\">15Kg<\/td>\n<\/tr>\n<tr>\n<td class=\"tg-l6fp\">Salida de Humos<\/td>\n<td class=\"tg-bg2l\">\u00d8 80mm<\/td>\n<\/tr>\n<tr>\n<td class=\"tg-l6fp\">Peso<\/td>\n<td class=\"tg-bg2l\">75Kg<\/td>\n<\/tr>\n<tr>\n<td class=\"tg-l6fp\">Dimensiones (AxAxF)<\/td>\n<td class=\"tg-bg2l\">875x452x570mm<\/td>\n<\/tr>\n<\/tbody>\n<\/table>\n<div class=\"sub-main\"><\/div>\n<p>&nbsp;<\/p>\n<div class=\"sub-main\"><\/div>\n<p>&nbsp;<\/p>\n<div class=\"sub-main\"><\/div>\n<p>&nbsp;<\/p>\n<div class=\"sub-main\"><\/div>\n<p>&nbsp;<\/p>\n<div class=\"sub-main\"><\/div>\n","protected":false},"excerpt":{"rendered":"<p>Estufa Pellets canalizable con ventilaci\u00f3n<\/p>\n","protected":false},"featured_media":1380,"comment_status":"open","ping_status":"closed","template":"","meta":[],"product_brand":[],"product_cat":[72],"product_tag":[81,80,79],"class_list":{"0":"post-1339","1":"product","2":"type-product","3":"status-publish","4":"has-post-thumbnail","6":"product_cat-estufa-pellets","7":"product_tag-estufa-pellet","8":"product_tag-estufas","9":"product_tag-pellet","10":"yith_product_brand-metlor","12":"first","13":"instock","14":"shipping-taxable","15":"purchasable","16":"product-type-simple"},"yoast_head":"<!-- This site is optimized with the Yoast SEO plugin v25.7 - https:\/\/yoast.com\/wordpress\/plugins\/seo\/ -->\n<title>ADRIANA 6 - Aclima Soluciones<\/title>\n<meta name=\"description\" content=\"Estufa Pellets canalizable con ventilaci\u00f3n\" \/>\n<meta name=\"robots\" content=\"index, follow, max-snippet:-1, max-image-preview:large, max-video-preview:-1\" \/>\n<link rel=\"canonical\" href=\"https:\/\/www.aclimasoluciones.es\/pt-pt\/tienda\/climatizacion\/estufa-pellets\/adriana-6\/\" \/>\n<meta property=\"og:locale\" content=\"pt_PT\" \/>\n<meta property=\"og:type\" content=\"article\" \/>\n<meta property=\"og:title\" content=\"ADRIANA 6 - Aclima Soluciones\" \/>\n<meta property=\"og:description\" content=\"Estufa Pellets canalizable con ventilaci\u00f3n\" \/>\n<meta property=\"og:url\" content=\"https:\/\/www.aclimasoluciones.es\/pt-pt\/tienda\/climatizacion\/estufa-pellets\/adriana-6\/\" \/>\n<meta property=\"og:site_name\" content=\"Aclima Soluciones\" \/>\n<meta property=\"article:publisher\" content=\"https:\/\/www.facebook.com\/profile.php?id=100094999684175\" \/>\n<meta property=\"article:modified_time\" content=\"2024-04-21T18:12:15+00:00\" \/>\n<meta property=\"og:image\" content=\"https:\/\/www.aclimasoluciones.es\/wp-content\/uploads\/2024\/04\/adriana-6-bordeaux-lat.png\" \/>\n\t<meta property=\"og:image:width\" content=\"1000\" \/>\n\t<meta property=\"og:image:height\" content=\"1300\" \/>\n\t<meta property=\"og:image:type\" content=\"image\/png\" \/>\n<meta name=\"twitter:card\" content=\"summary_large_image\" \/>\n<meta name=\"twitter:label1\" content=\"Tempo estimado de leitura\" \/>\n\t<meta name=\"twitter:data1\" content=\"2 minutos\" \/>\n<script type=\"application\/ld+json\" class=\"yoast-schema-graph\">{\"@context\":\"https:\/\/schema.org\",\"@graph\":[{\"@type\":\"WebPage\",\"@id\":\"https:\/\/www.aclimasoluciones.es\/pt-pt\/tienda\/climatizacion\/estufa-pellets\/adriana-6\/\",\"url\":\"https:\/\/www.aclimasoluciones.es\/pt-pt\/tienda\/climatizacion\/estufa-pellets\/adriana-6\/\",\"name\":\"ADRIANA 6 - Aclima Soluciones\",\"isPartOf\":{\"@id\":\"https:\/\/www.aclimasoluciones.es\/pt-pt\/#website\"},\"primaryImageOfPage\":{\"@id\":\"https:\/\/www.aclimasoluciones.es\/pt-pt\/tienda\/climatizacion\/estufa-pellets\/adriana-6\/#primaryimage\"},\"image\":{\"@id\":\"https:\/\/www.aclimasoluciones.es\/pt-pt\/tienda\/climatizacion\/estufa-pellets\/adriana-6\/#primaryimage\"},\"thumbnailUrl\":\"https:\/\/www.aclimasoluciones.es\/wp-content\/uploads\/2024\/04\/adriana-6-bordeaux-lat.png\",\"datePublished\":\"2024-04-20T13:02:15+00:00\",\"dateModified\":\"2024-04-21T18:12:15+00:00\",\"description\":\"Estufa Pellets canalizable con ventilaci\u00f3n\",\"breadcrumb\":{\"@id\":\"https:\/\/www.aclimasoluciones.es\/pt-pt\/tienda\/climatizacion\/estufa-pellets\/adriana-6\/#breadcrumb\"},\"inLanguage\":\"pt-PT\",\"potentialAction\":[{\"@type\":\"ReadAction\",\"target\":[\"https:\/\/www.aclimasoluciones.es\/pt-pt\/tienda\/climatizacion\/estufa-pellets\/adriana-6\/\"]}]},{\"@type\":\"ImageObject\",\"inLanguage\":\"pt-PT\",\"@id\":\"https:\/\/www.aclimasoluciones.es\/pt-pt\/tienda\/climatizacion\/estufa-pellets\/adriana-6\/#primaryimage\",\"url\":\"https:\/\/www.aclimasoluciones.es\/wp-content\/uploads\/2024\/04\/adriana-6-bordeaux-lat.png\",\"contentUrl\":\"https:\/\/www.aclimasoluciones.es\/wp-content\/uploads\/2024\/04\/adriana-6-bordeaux-lat.png\",\"width\":1000,\"height\":1300},{\"@type\":\"BreadcrumbList\",\"@id\":\"https:\/\/www.aclimasoluciones.es\/pt-pt\/tienda\/climatizacion\/estufa-pellets\/adriana-6\/#breadcrumb\",\"itemListElement\":[{\"@type\":\"ListItem\",\"position\":1,\"name\":\"Portada\",\"item\":\"https:\/\/www.aclimasoluciones.es\/pt-pt\/\"},{\"@type\":\"ListItem\",\"position\":2,\"name\":\"Shop\",\"item\":\"https:\/\/www.aclimasoluciones.es\/pt-pt\/shop\/\"},{\"@type\":\"ListItem\",\"position\":3,\"name\":\"ADRIANA 6\"}]},{\"@type\":\"WebSite\",\"@id\":\"https:\/\/www.aclimasoluciones.es\/pt-pt\/#website\",\"url\":\"https:\/\/www.aclimasoluciones.es\/pt-pt\/\",\"name\":\"Aclima Soluciones\",\"description\":\"Servicios de electricidad, climatizaci\u00f3n y reparaciones\",\"publisher\":{\"@id\":\"https:\/\/www.aclimasoluciones.es\/pt-pt\/#organization\"},\"potentialAction\":[{\"@type\":\"SearchAction\",\"target\":{\"@type\":\"EntryPoint\",\"urlTemplate\":\"https:\/\/www.aclimasoluciones.es\/pt-pt\/?s={search_term_string}\"},\"query-input\":{\"@type\":\"PropertyValueSpecification\",\"valueRequired\":true,\"valueName\":\"search_term_string\"}}],\"inLanguage\":\"pt-PT\"},{\"@type\":\"Organization\",\"@id\":\"https:\/\/www.aclimasoluciones.es\/pt-pt\/#organization\",\"name\":\"Aclima Soluciones\",\"url\":\"https:\/\/www.aclimasoluciones.es\/pt-pt\/\",\"logo\":{\"@type\":\"ImageObject\",\"inLanguage\":\"pt-PT\",\"@id\":\"https:\/\/www.aclimasoluciones.es\/pt-pt\/#\/schema\/logo\/image\/\",\"url\":\"https:\/\/www.aclimasoluciones.es\/wp-content\/uploads\/2024\/11\/aclima-head-logo-web.webp\",\"contentUrl\":\"https:\/\/www.aclimasoluciones.es\/wp-content\/uploads\/2024\/11\/aclima-head-logo-web.webp\",\"width\":243,\"height\":105,\"caption\":\"Aclima Soluciones\"},\"image\":{\"@id\":\"https:\/\/www.aclimasoluciones.es\/pt-pt\/#\/schema\/logo\/image\/\"},\"sameAs\":[\"https:\/\/www.facebook.com\/profile.php?id=100094999684175\",\"https:\/\/www.instagram.com\/aclimasoluciones\/\"]}]}<\/script>\n<!-- \/ Yoast SEO plugin. -->","yoast_head_json":{"title":"ADRIANA 6 - Aclima Soluciones","description":"Estufa Pellets canalizable con ventilaci\u00f3n","robots":{"index":"index","follow":"follow","max-snippet":"max-snippet:-1","max-image-preview":"max-image-preview:large","max-video-preview":"max-video-preview:-1"},"canonical":"https:\/\/www.aclimasoluciones.es\/pt-pt\/tienda\/climatizacion\/estufa-pellets\/adriana-6\/","og_locale":"pt_PT","og_type":"article","og_title":"ADRIANA 6 - Aclima Soluciones","og_description":"Estufa Pellets canalizable con ventilaci\u00f3n","og_url":"https:\/\/www.aclimasoluciones.es\/pt-pt\/tienda\/climatizacion\/estufa-pellets\/adriana-6\/","og_site_name":"Aclima Soluciones","article_publisher":"https:\/\/www.facebook.com\/profile.php?id=100094999684175","article_modified_time":"2024-04-21T18:12:15+00:00","og_image":[{"width":1000,"height":1300,"url":"https:\/\/www.aclimasoluciones.es\/wp-content\/uploads\/2024\/04\/adriana-6-bordeaux-lat.png","type":"image\/png"}],"twitter_card":"summary_large_image","twitter_misc":{"Tempo estimado de leitura":"2 minutos"},"schema":{"@context":"https:\/\/schema.org","@graph":[{"@type":"WebPage","@id":"https:\/\/www.aclimasoluciones.es\/pt-pt\/tienda\/climatizacion\/estufa-pellets\/adriana-6\/","url":"https:\/\/www.aclimasoluciones.es\/pt-pt\/tienda\/climatizacion\/estufa-pellets\/adriana-6\/","name":"ADRIANA 6 - Aclima Soluciones","isPartOf":{"@id":"https:\/\/www.aclimasoluciones.es\/pt-pt\/#website"},"primaryImageOfPage":{"@id":"https:\/\/www.aclimasoluciones.es\/pt-pt\/tienda\/climatizacion\/estufa-pellets\/adriana-6\/#primaryimage"},"image":{"@id":"https:\/\/www.aclimasoluciones.es\/pt-pt\/tienda\/climatizacion\/estufa-pellets\/adriana-6\/#primaryimage"},"thumbnailUrl":"https:\/\/www.aclimasoluciones.es\/wp-content\/uploads\/2024\/04\/adriana-6-bordeaux-lat.png","datePublished":"2024-04-20T13:02:15+00:00","dateModified":"2024-04-21T18:12:15+00:00","description":"Estufa Pellets canalizable con ventilaci\u00f3n","breadcrumb":{"@id":"https:\/\/www.aclimasoluciones.es\/pt-pt\/tienda\/climatizacion\/estufa-pellets\/adriana-6\/#breadcrumb"},"inLanguage":"pt-PT","potentialAction":[{"@type":"ReadAction","target":["https:\/\/www.aclimasoluciones.es\/pt-pt\/tienda\/climatizacion\/estufa-pellets\/adriana-6\/"]}]},{"@type":"ImageObject","inLanguage":"pt-PT","@id":"https:\/\/www.aclimasoluciones.es\/pt-pt\/tienda\/climatizacion\/estufa-pellets\/adriana-6\/#primaryimage","url":"https:\/\/www.aclimasoluciones.es\/wp-content\/uploads\/2024\/04\/adriana-6-bordeaux-lat.png","contentUrl":"https:\/\/www.aclimasoluciones.es\/wp-content\/uploads\/2024\/04\/adriana-6-bordeaux-lat.png","width":1000,"height":1300},{"@type":"BreadcrumbList","@id":"https:\/\/www.aclimasoluciones.es\/pt-pt\/tienda\/climatizacion\/estufa-pellets\/adriana-6\/#breadcrumb","itemListElement":[{"@type":"ListItem","position":1,"name":"Portada","item":"https:\/\/www.aclimasoluciones.es\/pt-pt\/"},{"@type":"ListItem","position":2,"name":"Shop","item":"https:\/\/www.aclimasoluciones.es\/pt-pt\/shop\/"},{"@type":"ListItem","position":3,"name":"ADRIANA 6"}]},{"@type":"WebSite","@id":"https:\/\/www.aclimasoluciones.es\/pt-pt\/#website","url":"https:\/\/www.aclimasoluciones.es\/pt-pt\/","name":"Aclima Soluciones","description":"Servicios de electricidad, climatizaci\u00f3n y reparaciones","publisher":{"@id":"https:\/\/www.aclimasoluciones.es\/pt-pt\/#organization"},"potentialAction":[{"@type":"SearchAction","target":{"@type":"EntryPoint","urlTemplate":"https:\/\/www.aclimasoluciones.es\/pt-pt\/?s={search_term_string}"},"query-input":{"@type":"PropertyValueSpecification","valueRequired":true,"valueName":"search_term_string"}}],"inLanguage":"pt-PT"},{"@type":"Organization","@id":"https:\/\/www.aclimasoluciones.es\/pt-pt\/#organization","name":"Aclima Soluciones","url":"https:\/\/www.aclimasoluciones.es\/pt-pt\/","logo":{"@type":"ImageObject","inLanguage":"pt-PT","@id":"https:\/\/www.aclimasoluciones.es\/pt-pt\/#\/schema\/logo\/image\/","url":"https:\/\/www.aclimasoluciones.es\/wp-content\/uploads\/2024\/11\/aclima-head-logo-web.webp","contentUrl":"https:\/\/www.aclimasoluciones.es\/wp-content\/uploads\/2024\/11\/aclima-head-logo-web.webp","width":243,"height":105,"caption":"Aclima Soluciones"},"image":{"@id":"https:\/\/www.aclimasoluciones.es\/pt-pt\/#\/schema\/logo\/image\/"},"sameAs":["https:\/\/www.facebook.com\/profile.php?id=100094999684175","https:\/\/www.instagram.com\/aclimasoluciones\/"]}]}},"_links":{"self":[{"href":"https:\/\/www.aclimasoluciones.es\/pt-pt\/wp-json\/wp\/v2\/product\/1339","targetHints":{"allow":["GET"]}}],"collection":[{"href":"https:\/\/www.aclimasoluciones.es\/pt-pt\/wp-json\/wp\/v2\/product"}],"about":[{"href":"https:\/\/www.aclimasoluciones.es\/pt-pt\/wp-json\/wp\/v2\/types\/product"}],"replies":[{"embeddable":true,"href":"https:\/\/www.aclimasoluciones.es\/pt-pt\/wp-json\/wp\/v2\/comments?post=1339"}],"wp:featuredmedia":[{"embeddable":true,"href":"https:\/\/www.aclimasoluciones.es\/pt-pt\/wp-json\/wp\/v2\/media\/1380"}],"wp:attachment":[{"href":"https:\/\/www.aclimasoluciones.es\/pt-pt\/wp-json\/wp\/v2\/media?parent=1339"}],"wp:term":[{"taxonomy":"product_brand","embeddable":true,"href":"https:\/\/www.aclimasoluciones.es\/pt-pt\/wp-json\/wp\/v2\/product_brand?post=1339"},{"taxonomy":"product_cat","embeddable":true,"href":"https:\/\/www.aclimasoluciones.es\/pt-pt\/wp-json\/wp\/v2\/product_cat?post=1339"},{"taxonomy":"product_tag","embeddable":true,"href":"https:\/\/www.aclimasoluciones.es\/pt-pt\/wp-json\/wp\/v2\/product_tag?post=1339"}],"curies":[{"name":"wp","href":"https:\/\/api.w.org\/{rel}","templated":true}]}}